{"id":6842,"date":"2025-02-21T22:37:30","date_gmt":"2025-02-21T22:37:30","guid":{"rendered":"https:\/\/innerevolutionschool.com\/sartlar-ve-kosullar\/"},"modified":"2025-07-08T17:59:05","modified_gmt":"2025-07-08T17:59:05","slug":"sartlar-ve-kosullar","status":"publish","type":"page","link":"https:\/\/innerevolutionschool.com\/tr\/sartlar-ve-kosullar\/","title":{"rendered":"\u015eartlar ve Ko\u015fullar"},"content":{"rendered":"\t\t<div data-elementor-type=\"wp-page\" data-elementor-id=\"6842\" class=\"elementor elementor-6842 elementor-17\" data-elementor-post-type=\"page\">\n\t\t\t\t<div class=\"elementor-element elementor-element-709cf6d2 e-flex e-con-boxed e-con e-parent\" data-id=\"709cf6d2\" data-element_type=\"container\" data-e-type=\"container\" data-settings=\"{&quot;background_background&quot;:&quot;classic&quot;}\">\n\t\t\t\t\t<div class=\"e-con-inner\">\n\t\t\t\t<div class=\"elementor-element elementor-element-4dd4a0e elementor-widget elementor-widget-heading\" data-id=\"4dd4a0e\" data-element_type=\"widget\" data-e-type=\"widget\" data-widget_type=\"heading.default\">\n\t\t\t\t<div class=\"elementor-widget-container\">\n\t\t\t\t\t<h1 class=\"elementor-heading-title elementor-size-default\">\u015eARTLAR VE KO\u015eULLAR<\/h1>\t\t\t\t<\/div>\n\t\t\t\t<\/div>\n\t\t\t\t\t<\/div>\n\t\t\t\t<\/div>\n\t\t<div class=\"elementor-element elementor-element-48983a86 e-flex e-con-boxed e-con e-parent\" data-id=\"48983a86\" data-element_type=\"container\" data-e-type=\"container\" data-settings=\"{&quot;shape_divider_bottom&quot;:&quot;opacity-tilt&quot;}\">\n\t\t\t\t\t<div class=\"e-con-inner\">\n\t\t\t\t<div class=\"elementor-shape elementor-shape-bottom\" aria-hidden=\"true\" data-negative=\"false\">\n\t\t\t<svg xmlns=\"http:\/\/www.w3.org\/2000\/svg\" viewBox=\"0 0 2600 131.1\" preserveAspectRatio=\"none\">\n\t<path class=\"elementor-shape-fill\" d=\"M0 0L2600 0 2600 69.1 0 0z\"\/>\n\t<path class=\"elementor-shape-fill\" style=\"opacity:0.5\" d=\"M0 0L2600 0 2600 69.1 0 69.1z\"\/>\n\t<path class=\"elementor-shape-fill\" style=\"opacity:0.25\" d=\"M2600 0L0 0 0 130.1 2600 69.1z\"\/>\n<\/svg>\t\t<\/div>\n\t\t\t\t<div class=\"elementor-element elementor-element-6407998d elementor-widget elementor-widget-heading\" data-id=\"6407998d\" data-element_type=\"widget\" data-e-type=\"widget\" data-widget_type=\"heading.default\">\n\t\t\t\t<div class=\"elementor-widget-container\">\n\t\t\t\t\t<h2 class=\"elementor-heading-title elementor-size-default\">1. Yasal bilgiler<\/h2>\t\t\t\t<\/div>\n\t\t\t\t<\/div>\n\t\t\t\t<div class=\"elementor-element elementor-element-60de37b5 elementor-widget elementor-widget-text-editor\" data-id=\"60de37b5\" data-element_type=\"widget\" data-e-type=\"widget\" data-widget_type=\"text-editor.default\">\n\t\t\t\t<div class=\"elementor-widget-container\">\n\t\t\t\t\t\t\t\t\t<p>Madde 10.1&#8217;in ama\u00e7lar\u0131 do\u011frultusunda 11 Temmuz tarihli 34\/2002 say\u0131l\u0131 Bilgi Toplumu ve Elektronik Posta Hizmetleri (LSSI) Kanununun 10.1 maddesi uyar\u0131nca, hizmet sa\u011flay\u0131c\u0131n\u0131n EVOLUCI\u00d3N INTERIOR S.L. oldu\u011fu belirtilmektedir. SOCIEDAD UNIPERSONAL, (bundan b\u00f6yle &#8220;EVOLUCI\u00d3N INTERIOR&#8221; olarak an\u0131lacakt\u0131r) \u0130spanyol yasalar\u0131na g\u00f6re kurulmu\u015f, merkezi Calle Telegrafos 5, (28140 Fuente el Saz &#8211; Madrid) adresinde bulunan, CIF numaras\u0131 B87071205 olan, Madrid Ticaret Sicilinde Cilt 32.517, Folio 153, Sayfa M-585279&#8217;da kay\u0131tl\u0131 bir limited \u015firkettir.<\/p><p>\u0130leti\u015fim e-postas\u0131: <a href=\"mailto:centro@evolucioninterior.es\">centro@evolucioninterior.es<\/a><\/p>\t\t\t\t\t\t\t\t<\/div>\n\t\t\t\t<\/div>\n\t\t\t\t\t<\/div>\n\t\t\t\t<\/div>\n\t\t<div class=\"elementor-element elementor-element-53c1a2a2 e-flex e-con-boxed e-con e-parent\" data-id=\"53c1a2a2\" data-element_type=\"container\" data-e-type=\"container\" data-settings=\"{&quot;shape_divider_bottom&quot;:&quot;opacity-tilt&quot;}\">\n\t\t\t\t\t<div class=\"e-con-inner\">\n\t\t\t\t<div class=\"elementor-shape elementor-shape-bottom\" aria-hidden=\"true\" data-negative=\"false\">\n\t\t\t<svg xmlns=\"http:\/\/www.w3.org\/2000\/svg\" viewBox=\"0 0 2600 131.1\" preserveAspectRatio=\"none\">\n\t<path class=\"elementor-shape-fill\" d=\"M0 0L2600 0 2600 69.1 0 0z\"\/>\n\t<path class=\"elementor-shape-fill\" style=\"opacity:0.5\" d=\"M0 0L2600 0 2600 69.1 0 69.1z\"\/>\n\t<path class=\"elementor-shape-fill\" style=\"opacity:0.25\" d=\"M2600 0L0 0 0 130.1 2600 69.1z\"\/>\n<\/svg>\t\t<\/div>\n\t\t\t\t<div class=\"elementor-element elementor-element-6699fe5f elementor-widget elementor-widget-heading\" data-id=\"6699fe5f\" data-element_type=\"widget\" data-e-type=\"widget\" data-widget_type=\"heading.default\">\n\t\t\t\t<div class=\"elementor-widget-container\">\n\t\t\t\t\t<h2 class=\"elementor-heading-title elementor-size-default\">2. Rezervasyon Ko\u015fullar\u0131<\/h2>\t\t\t\t<\/div>\n\t\t\t\t<\/div>\n\t\t\t\t<div class=\"elementor-element elementor-element-53c111a0 elementor-widget elementor-widget-text-editor\" data-id=\"53c111a0\" data-element_type=\"widget\" data-e-type=\"widget\" data-widget_type=\"text-editor.default\">\n\t\t\t\t<div class=\"elementor-widget-container\">\n\t\t\t\t\t\t\t\t\t<ol><li><p>\u015eirket, konferanslar, mini konferanslar, inzivalar, orman gezileri, konserler (bundan b\u00f6yle toplu olarak &#8220;<strong>ETK\u0130NL\u0130KLER<\/strong>&#8221; olarak an\u0131lacakt\u0131r) dahil olmak \u00fczere organizasyon i\u00e7in hizmetler sunmaktad\u0131r.<\/p><p>EVOLUCI\u00d3N INTERIOR ile kullan\u0131c\u0131 (bundan b\u00f6yle &#8220;Kullan\u0131c\u0131&#8221; olarak an\u0131lacakt\u0131r) aras\u0131ndaki t\u00fcm i\u015flemler \u0130spanya&#8217;da, Etkinlik Hizmetlerine adanm\u0131\u015f sunucularla ili\u015fkili <a href=\"https:\/\/innerevolutionschool.com\/tr\/\">innerevolutionschool.com<\/a> alan ad\u0131 alt\u0131nda ger\u00e7ekle\u015fecektir.<\/p><p>Etkinlik Hizmetlerinin edinilmesi ve kullan\u0131lmas\u0131, 18 ya\u015f\u0131n alt\u0131ndaki veya \u0130spanyol mevzuat\u0131 h\u00fck\u00fcmleri uyar\u0131nca re\u015fit olma ya\u015f\u0131na ula\u015fmam\u0131\u015f herhangi bir ki\u015fi i\u00e7in kesinlikle yasakt\u0131r.<\/p><p>KSSY Madde 27.a) h\u00fck\u00fcmlerinin ama\u00e7lar\u0131 do\u011frultusunda. LSSI&#8217;nin 27.a) maddesi uyar\u0131nca, https:\/\/inner-discovery.org \u00fczerinden i\u015fe al\u0131m a\u015fa\u011f\u0131daki ad\u0131mlarla yap\u0131lacakt\u0131r:<\/p><ul><li><strong>Ad\u0131m 1 \/<\/strong> Kullan\u0131c\u0131 kayd\u0131 (\u00f6deme yapan ki\u015finin verileri, kat\u0131l\u0131mc\u0131n\u0131n verileri, arama parametreleri arac\u0131l\u0131\u011f\u0131yla sayfadaki etkinlik tarihinin se\u00e7imi), bir haber b\u00fcltenine ve \/ veya tekliflere aboneli\u011fi se\u00e7me imkan\u0131.<\/li><li><strong>Ad\u0131m 2 \/<\/strong> H\u00fck\u00fcm ve Ko\u015fullar\u0131n Kabul\u00fc<\/li><li><strong>Ad\u0131m 3 \/<\/strong> \u00d6deme y\u00f6ntemi se\u00e7imi.<\/li><li><strong>Ad\u0131m 4 \/<\/strong> Rezervasyon verilerinin do\u011frulanmas\u0131.<\/li><li><strong>Ad\u0131m 5 \/<\/strong> Rezervasyonun resmile\u015ftirilmesi, \u00f6rnek onay sayfas\u0131.<\/li><li><strong>Ad\u0131m 6 \/<\/strong> Rezervasyonun onay e-postas\u0131n\u0131n ayn\u0131 verilerle g\u00f6nderilmesi.<p>EVOLUCI\u00d3N INTERIOR, rezervasyonun ar\u015fivlenmesi i\u00e7in kapsaml\u0131 bir elektronik belge olu\u015fturacak ve rezervasyon s\u00fcrecinin sonunda i\u00e7eri\u011fiyle birlikte bir e-posta g\u00f6ndererek m\u00fc\u015fteriye eri\u015fim ve tam bilgi verecektir.<\/p><p>Rezervasyonu resmile\u015ftirdikten sonra, veri giri\u015findeki olas\u0131 hatalar\u0131 tespit etmek i\u00e7in m\u00fc\u015fteriden rezervasyonun i\u00e7eri\u011fini g\u00f6zden ge\u00e7irmesi istenir; D\u00fczeltmenizi i\u015fleme koymak i\u00e7in support@innerevolutionschool.com adresine rezervasyonun tan\u0131mlay\u0131c\u0131 ayr\u0131nt\u0131lar\u0131n\u0131 g\u00f6steren bir e-posta g\u00f6nderin.<\/p><p>\u0130\u015fe al\u0131m prosed\u00fcr\u00fcm\u00fcz a\u015fa\u011f\u0131daki dillerde sunulmaktad\u0131r: \u0130spanyolca, \u0130ngilizce ve \u0130talyanca.<\/p><p>Rezervasyona uygulanan fiyatlar\u0131n \u00f6zel ko\u015fullar\u0131na g\u00f6re, \u00f6deme rezervasyonun resmile\u015ftirildi\u011fi anda tamamen veya k\u0131smen pe\u015fin olarak yap\u0131labilir.<\/p><p>Rezervasyon i\u00e7in yap\u0131lan \u00f6demenin ad-soyad, rezervasyon tarihi ve etkinlik yerini belirten bir e-posta onay\u0131n\u0131n administracion@innermastery.es adresine g\u00f6nderilmesi esast\u0131r. Yer kalmamas\u0131 durumunda \u00f6deme iade edilecektir.<\/p><p>\u00d6demeler depozito, banka havalesi veya Paypal ile yap\u0131labilir.<\/p><p>Para yat\u0131r\u0131ld\u0131ktan sonra, kullan\u0131c\u0131 <b>support@innerevolutionschool.com <\/b>adresine e-posta ile bilgi vermeli veya kay\u0131t formunu doldurmal\u0131d\u0131r.<\/p><p>EVOLUCI\u00d3N INTERIOR, her etkinlikten \u00f6nce kullan\u0131c\u0131y\u0131 etkinli\u011fin tam konumu ve di\u011fer \u00f6neriler hakk\u0131nda bilgilendirecektir.<\/p><p>Kullan\u0131c\u0131, EVOLUCI\u00d3N INTERIOR taraf\u0131ndan hizmetin do\u011fru bir \u015fekilde sa\u011flanmas\u0131 i\u00e7in gerekli ki\u015fisel bilgileri sa\u011flad\u0131\u011f\u0131 bir form doldurmal\u0131d\u0131r. Bu verilerden herhangi birinin ihmal edilmesi durumunda EVOLUCI\u00d3N INTERIOR, etkinli\u011fi rezerve etmek i\u00e7in yap\u0131lan \u00f6demeyi iade ederek kullan\u0131c\u0131 ile olan s\u00f6zle\u015fmeyi feshetme hakk\u0131n\u0131 sakl\u0131 tutar. <\/p><p>Madde h\u00fck\u00fcmlerine uygun olarak bilgilendirilirsiniz. 93.2.b) Genel T\u00fcketici ve Kullan\u0131c\u0131 Savunma Kanunu (LGDCyU) uyar\u0131nca, cayma hakk\u0131na ili\u015fkin yasal d\u00fczenleme www. innermastery.eu \u00fczerinden yap\u0131lan rezervasyonlar i\u00e7in ge\u00e7erli olmayacak olup, her durumda iptal a\u00e7\u0131s\u0131ndan a\u015fa\u011f\u0131daki \u00f6zel ko\u015fullar uygulanacakt\u0131r: <\/p><ul><li>a) \u015eirkete atfedilebilecek herhangi bir nedenle etkinli\u011fin ask\u0131ya al\u0131nmas\u0131 durumunda, \u00f6deme Kullan\u0131c\u0131ya iade edilecektir.<\/li><li>b) Kat\u0131l\u0131mc\u0131n\u0131n rezervasyonunu iptal etmesi durumunda, avans \u00f6demesinin iadesi yap\u0131lmayacakt\u0131r. \u00d6denen tutar\u0131n %50&#8217;sini, m\u00fcsaitlik olmas\u0131 ve iptalin \u00e7ekilmenin ba\u015flamas\u0131ndan en az 72 saat \u00f6nce yap\u0131lmas\u0131 ko\u015fuluyla, \u00f6n\u00fcm\u00fczdeki \u00fc\u00e7 ay i\u00e7inde yeni bir rezervasyon i\u00e7in kullanabilirsiniz. <\/li><li>c) \u0130ki veya daha fazla gece s\u00f6zle\u015fmesi yap\u0131lmas\u0131 durumunda, kullan\u0131c\u0131 bunlar\u0131 kullanmazsa, \u00f6denen paran\u0131n iadesi ge\u00e7erli olmayacakt\u0131r.<\/li><li>d) Kullan\u0131c\u0131 bir se\u00e7enek se\u00e7mi\u015fse ve bunu geni\u015fletmeye karar verirse, yeni se\u00e7enek ilk se\u00e7ilenden ba\u011f\u0131ms\u0131z olarak de\u011ferlendirilir.<\/li><\/ul><p>Rezervasyon resmile\u015ftikten sonra, erken k\u0131smi \u00f6deme yap\u0131lmas\u0131 durumunda, kullan\u0131c\u0131 aradaki fark\u0131 etkinli\u011fe kat\u0131l\u0131rken \u00f6deyecektir (nakit olarak veya Paypal arac\u0131l\u0131\u011f\u0131yla EVOLUCI\u00d3N INTERIOR&#8217;a rezervasyonun tan\u0131mlay\u0131c\u0131 ayr\u0131nt\u0131lar\u0131n\u0131 sa\u011flayarak.<\/p><p>Ayr\u0131lan t\u00fcm etkinlikler, ilgisini ifade eden her olas\u0131 kat\u0131l\u0131mc\u0131ya \u00f6zel e-posta ile g\u00f6nderilen belgelerde usul\u00fcne uygun olarak detayland\u0131r\u0131lm\u0131\u015ft\u0131r.<\/p><\/li><\/ul><\/li><\/ol>\t\t\t\t\t\t\t\t<\/div>\n\t\t\t\t<\/div>\n\t\t\t\t\t<\/div>\n\t\t\t\t<\/div>\n\t\t\t\t<\/div>\n\t\t","protected":false},"excerpt":{"rendered":"<p>\u015eARTLAR VE KO\u015eULLAR 1. Yasal bilgiler Madde 10.1&#8217;in ama\u00e7lar\u0131 do\u011frultusunda 11 Temmuz tarihli 34\/2002 say\u0131l\u0131 Bilgi Toplumu ve Elektronik Posta Hizmetleri (LSSI) Kanununun 10.1 maddesi uyar\u0131nca, hizmet sa\u011flay\u0131c\u0131n\u0131n EVOLUCI\u00d3N INTERIOR S.L. oldu\u011fu belirtilmektedir. SOCIEDAD UNIPERSONAL, (bundan b\u00f6yle &#8220;EVOLUCI\u00d3N INTERIOR&#8221; olarak an\u0131lacakt\u0131r) \u0130spanyol yasalar\u0131na g\u00f6re kurulmu\u015f, merkezi Calle Telegrafos 5, (28140 Fuente el Saz &#8211; Madrid)<a href=\"https:\/\/innerevolutionschool.com\/tr\/sartlar-ve-kosullar\/\" class=\"more-link\"><span class=\"screen-reader-text\">\u015eartlar ve Ko\u015fullar<\/span><\/a><\/p>\n","protected":false},"author":1,"featured_media":0,"parent":0,"menu_order":0,"comment_status":"closed","ping_status":"closed","template":"elementor_header_footer","meta":{"footnotes":""},"class_list":["post-6842","page","type-page","status-publish","hentry"],"yoast_head":"<!-- This site is optimized with the Yoast SEO plugin v27.5 - https:\/\/yoast.com\/product\/yoast-seo-wordpress\/ -->\n<title>\u015eartlar ve Ko\u015fullar - Inner Evolution School<\/title>\n<meta name=\"robots\" content=\"index, follow, max-snippet:-1, max-image-preview:large, max-video-preview:-1\" \/>\n<link rel=\"canonical\" href=\"https:\/\/innerevolutionschool.com\/tr\/sartlar-ve-kosullar\/\" \/>\n<meta property=\"og:locale\" content=\"tr_TR\" \/>\n<meta property=\"og:type\" content=\"article\" \/>\n<meta property=\"og:title\" content=\"\u015eartlar ve Ko\u015fullar - Inner Evolution School\" \/>\n<meta property=\"og:description\" content=\"\u015eARTLAR VE KO\u015eULLAR 1. Yasal bilgiler Madde 10.1&#8217;in ama\u00e7lar\u0131 do\u011frultusunda 11 Temmuz tarihli 34\/2002 say\u0131l\u0131 Bilgi Toplumu ve Elektronik Posta Hizmetleri (LSSI) Kanununun 10.1 maddesi uyar\u0131nca, hizmet sa\u011flay\u0131c\u0131n\u0131n EVOLUCI\u00d3N INTERIOR S.L. oldu\u011fu belirtilmektedir. SOCIEDAD UNIPERSONAL, (bundan b\u00f6yle &#8220;EVOLUCI\u00d3N INTERIOR&#8221; olarak an\u0131lacakt\u0131r) \u0130spanyol yasalar\u0131na g\u00f6re kurulmu\u015f, merkezi Calle Telegrafos 5, (28140 Fuente el Saz &#8211; Madrid)\u015eartlar ve Ko\u015fullar\" \/>\n<meta property=\"og:url\" content=\"https:\/\/innerevolutionschool.com\/tr\/sartlar-ve-kosullar\/\" \/>\n<meta property=\"og:site_name\" content=\"Inner Evolution School\" \/>\n<meta property=\"article:modified_time\" content=\"2025-07-08T17:59:05+00:00\" \/>\n<meta name=\"twitter:card\" content=\"summary_large_image\" \/>\n<meta name=\"twitter:label1\" content=\"Tahmini okuma s\u00fcresi\" \/>\n\t<meta name=\"twitter:data1\" content=\"4 dakika\" \/>\n<script type=\"application\/ld+json\" class=\"yoast-schema-graph\">{\"@context\":\"https:\\\/\\\/schema.org\",\"@graph\":[{\"@type\":\"WebPage\",\"@id\":\"https:\\\/\\\/innerevolutionschool.com\\\/tr\\\/sartlar-ve-kosullar\\\/\",\"url\":\"https:\\\/\\\/innerevolutionschool.com\\\/tr\\\/sartlar-ve-kosullar\\\/\",\"name\":\"\u015eartlar ve Ko\u015fullar - Inner Evolution School\",\"isPartOf\":{\"@id\":\"https:\\\/\\\/innerevolutionschool.com\\\/tr\\\/#website\"},\"datePublished\":\"2025-02-21T22:37:30+00:00\",\"dateModified\":\"2025-07-08T17:59:05+00:00\",\"breadcrumb\":{\"@id\":\"https:\\\/\\\/innerevolutionschool.com\\\/tr\\\/sartlar-ve-kosullar\\\/#breadcrumb\"},\"inLanguage\":\"tr\",\"potentialAction\":[{\"@type\":\"ReadAction\",\"target\":[\"https:\\\/\\\/innerevolutionschool.com\\\/tr\\\/sartlar-ve-kosullar\\\/\"]}]},{\"@type\":\"BreadcrumbList\",\"@id\":\"https:\\\/\\\/innerevolutionschool.com\\\/tr\\\/sartlar-ve-kosullar\\\/#breadcrumb\",\"itemListElement\":[{\"@type\":\"ListItem\",\"position\":1,\"name\":\"Home\",\"item\":\"https:\\\/\\\/innerevolutionschool.com\\\/tr\\\/icsel-evrim-okulu-ies\\\/\"},{\"@type\":\"ListItem\",\"position\":2,\"name\":\"\u015eartlar ve Ko\u015fullar\"}]},{\"@type\":\"WebSite\",\"@id\":\"https:\\\/\\\/innerevolutionschool.com\\\/tr\\\/#website\",\"url\":\"https:\\\/\\\/innerevolutionschool.com\\\/tr\\\/\",\"name\":\"Inner Evolution School\",\"description\":\"An innovative training model dedicated to the science of the internal.\",\"publisher\":{\"@id\":\"https:\\\/\\\/innerevolutionschool.com\\\/tr\\\/#organization\"},\"potentialAction\":[{\"@type\":\"SearchAction\",\"target\":{\"@type\":\"EntryPoint\",\"urlTemplate\":\"https:\\\/\\\/innerevolutionschool.com\\\/tr\\\/?s={search_term_string}\"},\"query-input\":{\"@type\":\"PropertyValueSpecification\",\"valueRequired\":true,\"valueName\":\"search_term_string\"}}],\"inLanguage\":\"tr\"},{\"@type\":\"Organization\",\"@id\":\"https:\\\/\\\/innerevolutionschool.com\\\/tr\\\/#organization\",\"name\":\"Inner Evolution School\",\"url\":\"https:\\\/\\\/innerevolutionschool.com\\\/tr\\\/\",\"logo\":{\"@type\":\"ImageObject\",\"inLanguage\":\"tr\",\"@id\":\"https:\\\/\\\/innerevolutionschool.com\\\/tr\\\/#\\\/schema\\\/logo\\\/image\\\/\",\"url\":\"https:\\\/\\\/innerevolutionschool.com\\\/wp-content\\\/uploads\\\/2025\\\/03\\\/hero-inner-evolution-school.png\",\"contentUrl\":\"https:\\\/\\\/innerevolutionschool.com\\\/wp-content\\\/uploads\\\/2025\\\/03\\\/hero-inner-evolution-school.png\",\"width\":1456,\"height\":816,\"caption\":\"Inner Evolution School\"},\"image\":{\"@id\":\"https:\\\/\\\/innerevolutionschool.com\\\/tr\\\/#\\\/schema\\\/logo\\\/image\\\/\"}}]}<\/script>\n<!-- \/ Yoast SEO plugin. -->","yoast_head_json":{"title":"\u015eartlar ve Ko\u015fullar - Inner Evolution School","robots":{"index":"index","follow":"follow","max-snippet":"max-snippet:-1","max-image-preview":"max-image-preview:large","max-video-preview":"max-video-preview:-1"},"canonical":"https:\/\/innerevolutionschool.com\/tr\/sartlar-ve-kosullar\/","og_locale":"tr_TR","og_type":"article","og_title":"\u015eartlar ve Ko\u015fullar - Inner Evolution School","og_description":"\u015eARTLAR VE KO\u015eULLAR 1. Yasal bilgiler Madde 10.1&#8217;in ama\u00e7lar\u0131 do\u011frultusunda 11 Temmuz tarihli 34\/2002 say\u0131l\u0131 Bilgi Toplumu ve Elektronik Posta Hizmetleri (LSSI) Kanununun 10.1 maddesi uyar\u0131nca, hizmet sa\u011flay\u0131c\u0131n\u0131n EVOLUCI\u00d3N INTERIOR S.L. oldu\u011fu belirtilmektedir. SOCIEDAD UNIPERSONAL, (bundan b\u00f6yle &#8220;EVOLUCI\u00d3N INTERIOR&#8221; olarak an\u0131lacakt\u0131r) \u0130spanyol yasalar\u0131na g\u00f6re kurulmu\u015f, merkezi Calle Telegrafos 5, (28140 Fuente el Saz &#8211; Madrid)\u015eartlar ve Ko\u015fullar","og_url":"https:\/\/innerevolutionschool.com\/tr\/sartlar-ve-kosullar\/","og_site_name":"Inner Evolution School","article_modified_time":"2025-07-08T17:59:05+00:00","twitter_card":"summary_large_image","twitter_misc":{"Tahmini okuma s\u00fcresi":"4 dakika"},"schema":{"@context":"https:\/\/schema.org","@graph":[{"@type":"WebPage","@id":"https:\/\/innerevolutionschool.com\/tr\/sartlar-ve-kosullar\/","url":"https:\/\/innerevolutionschool.com\/tr\/sartlar-ve-kosullar\/","name":"\u015eartlar ve Ko\u015fullar - Inner Evolution School","isPartOf":{"@id":"https:\/\/innerevolutionschool.com\/tr\/#website"},"datePublished":"2025-02-21T22:37:30+00:00","dateModified":"2025-07-08T17:59:05+00:00","breadcrumb":{"@id":"https:\/\/innerevolutionschool.com\/tr\/sartlar-ve-kosullar\/#breadcrumb"},"inLanguage":"tr","potentialAction":[{"@type":"ReadAction","target":["https:\/\/innerevolutionschool.com\/tr\/sartlar-ve-kosullar\/"]}]},{"@type":"BreadcrumbList","@id":"https:\/\/innerevolutionschool.com\/tr\/sartlar-ve-kosullar\/#breadcrumb","itemListElement":[{"@type":"ListItem","position":1,"name":"Home","item":"https:\/\/innerevolutionschool.com\/tr\/icsel-evrim-okulu-ies\/"},{"@type":"ListItem","position":2,"name":"\u015eartlar ve Ko\u015fullar"}]},{"@type":"WebSite","@id":"https:\/\/innerevolutionschool.com\/tr\/#website","url":"https:\/\/innerevolutionschool.com\/tr\/","name":"Inner Evolution School","description":"An innovative training model dedicated to the science of the internal.","publisher":{"@id":"https:\/\/innerevolutionschool.com\/tr\/#organization"},"potentialAction":[{"@type":"SearchAction","target":{"@type":"EntryPoint","urlTemplate":"https:\/\/innerevolutionschool.com\/tr\/?s={search_term_string}"},"query-input":{"@type":"PropertyValueSpecification","valueRequired":true,"valueName":"search_term_string"}}],"inLanguage":"tr"},{"@type":"Organization","@id":"https:\/\/innerevolutionschool.com\/tr\/#organization","name":"Inner Evolution School","url":"https:\/\/innerevolutionschool.com\/tr\/","logo":{"@type":"ImageObject","inLanguage":"tr","@id":"https:\/\/innerevolutionschool.com\/tr\/#\/schema\/logo\/image\/","url":"https:\/\/innerevolutionschool.com\/wp-content\/uploads\/2025\/03\/hero-inner-evolution-school.png","contentUrl":"https:\/\/innerevolutionschool.com\/wp-content\/uploads\/2025\/03\/hero-inner-evolution-school.png","width":1456,"height":816,"caption":"Inner Evolution School"},"image":{"@id":"https:\/\/innerevolutionschool.com\/tr\/#\/schema\/logo\/image\/"}}]}},"_links":{"self":[{"href":"https:\/\/innerevolutionschool.com\/tr\/wp-json\/wp\/v2\/pages\/6842","targetHints":{"allow":["GET"]}}],"collection":[{"href":"https:\/\/innerevolutionschool.com\/tr\/wp-json\/wp\/v2\/pages"}],"about":[{"href":"https:\/\/innerevolutionschool.com\/tr\/wp-json\/wp\/v2\/types\/page"}],"author":[{"embeddable":true,"href":"https:\/\/innerevolutionschool.com\/tr\/wp-json\/wp\/v2\/users\/1"}],"replies":[{"embeddable":true,"href":"https:\/\/innerevolutionschool.com\/tr\/wp-json\/wp\/v2\/comments?post=6842"}],"version-history":[{"count":1,"href":"https:\/\/innerevolutionschool.com\/tr\/wp-json\/wp\/v2\/pages\/6842\/revisions"}],"predecessor-version":[{"id":6848,"href":"https:\/\/innerevolutionschool.com\/tr\/wp-json\/wp\/v2\/pages\/6842\/revisions\/6848"}],"wp:attachment":[{"href":"https:\/\/innerevolutionschool.com\/tr\/wp-json\/wp\/v2\/media?parent=6842"}],"curies":[{"name":"wp","href":"https:\/\/api.w.org\/{rel}","templated":true}]}}