{"id":6828,"date":"2025-02-21T22:37:30","date_gmt":"2025-02-21T22:37:30","guid":{"rendered":"https:\/\/innerevolutionschool.com\/termini-e-condizioni\/"},"modified":"2025-07-08T17:58:32","modified_gmt":"2025-07-08T17:58:32","slug":"termini-e-condizioni","status":"publish","type":"page","link":"https:\/\/innerevolutionschool.com\/it\/termini-e-condizioni\/","title":{"rendered":"Termini e condizioni"},"content":{"rendered":"\t\t<div data-elementor-type=\"wp-page\" data-elementor-id=\"6828\" class=\"elementor elementor-6828 elementor-17\" data-elementor-post-type=\"page\">\n\t\t\t\t<div class=\"elementor-element elementor-element-709cf6d2 e-flex e-con-boxed e-con e-parent\" data-id=\"709cf6d2\" data-element_type=\"container\" data-e-type=\"container\" data-settings=\"{&quot;background_background&quot;:&quot;classic&quot;}\">\n\t\t\t\t\t<div class=\"e-con-inner\">\n\t\t\t\t<div class=\"elementor-element elementor-element-4dd4a0e elementor-widget elementor-widget-heading\" data-id=\"4dd4a0e\" data-element_type=\"widget\" data-e-type=\"widget\" data-widget_type=\"heading.default\">\n\t\t\t\t<div class=\"elementor-widget-container\">\n\t\t\t\t\t<h1 class=\"elementor-heading-title elementor-size-default\">TERMINI E CONDIZIONI<\/h1>\t\t\t\t<\/div>\n\t\t\t\t<\/div>\n\t\t\t\t\t<\/div>\n\t\t\t\t<\/div>\n\t\t<div class=\"elementor-element elementor-element-48983a86 e-flex e-con-boxed e-con e-parent\" data-id=\"48983a86\" data-element_type=\"container\" data-e-type=\"container\" data-settings=\"{&quot;shape_divider_bottom&quot;:&quot;opacity-tilt&quot;}\">\n\t\t\t\t\t<div class=\"e-con-inner\">\n\t\t\t\t<div class=\"elementor-shape elementor-shape-bottom\" aria-hidden=\"true\" data-negative=\"false\">\n\t\t\t<svg xmlns=\"http:\/\/www.w3.org\/2000\/svg\" viewBox=\"0 0 2600 131.1\" preserveAspectRatio=\"none\">\n\t<path class=\"elementor-shape-fill\" d=\"M0 0L2600 0 2600 69.1 0 0z\"\/>\n\t<path class=\"elementor-shape-fill\" style=\"opacity:0.5\" d=\"M0 0L2600 0 2600 69.1 0 69.1z\"\/>\n\t<path class=\"elementor-shape-fill\" style=\"opacity:0.25\" d=\"M2600 0L0 0 0 130.1 2600 69.1z\"\/>\n<\/svg>\t\t<\/div>\n\t\t\t\t<div class=\"elementor-element elementor-element-6407998d elementor-widget elementor-widget-heading\" data-id=\"6407998d\" data-element_type=\"widget\" data-e-type=\"widget\" data-widget_type=\"heading.default\">\n\t\t\t\t<div class=\"elementor-widget-container\">\n\t\t\t\t\t<h2 class=\"elementor-heading-title elementor-size-default\">1. Informazioni legali<\/h2>\t\t\t\t<\/div>\n\t\t\t\t<\/div>\n\t\t\t\t<div class=\"elementor-element elementor-element-60de37b5 elementor-widget elementor-widget-text-editor\" data-id=\"60de37b5\" data-element_type=\"widget\" data-e-type=\"widget\" data-widget_type=\"text-editor.default\">\n\t\t\t\t<div class=\"elementor-widget-container\">\n\t\t\t\t\t\t\t\t\t<p>Ai fini delle disposizioni dell&#8217;Art. 10.1 della Legge 34\/2002 dell&#8217;11 luglio sui servizi della societ\u00e0 dell&#8217;informazione e della posta elettronica (LSSI), si dichiara che il fornitore del servizio \u00e8 EVOLUCI\u00d3N INTERIOR S.L. SOCIEDAD UNIPERSONAL, (di seguito &#8220;EVOLUCI\u00d3N INTERIOR&#8221;) \u00e8 una societ\u00e0 a responsabilit\u00e0 limitata di diritto spagnolo, con sede legale in Calle Telegrafos 5, (28140 Fuente el Saz &#8211; Madrid), con numero CIF B87071205, iscritta al Registro delle Imprese di Madrid, nel Volume 32.517, Folio 153, Pagina M-585279.<\/p><p>E-mail di contatto: <a href=\"mailto:centro@evolucioninterior.es\">centro@evolucioninterior.es<\/a><\/p>\t\t\t\t\t\t\t\t<\/div>\n\t\t\t\t<\/div>\n\t\t\t\t\t<\/div>\n\t\t\t\t<\/div>\n\t\t<div class=\"elementor-element elementor-element-53c1a2a2 e-flex e-con-boxed e-con e-parent\" data-id=\"53c1a2a2\" data-element_type=\"container\" data-e-type=\"container\" data-settings=\"{&quot;shape_divider_bottom&quot;:&quot;opacity-tilt&quot;}\">\n\t\t\t\t\t<div class=\"e-con-inner\">\n\t\t\t\t<div class=\"elementor-shape elementor-shape-bottom\" aria-hidden=\"true\" data-negative=\"false\">\n\t\t\t<svg xmlns=\"http:\/\/www.w3.org\/2000\/svg\" viewBox=\"0 0 2600 131.1\" preserveAspectRatio=\"none\">\n\t<path class=\"elementor-shape-fill\" d=\"M0 0L2600 0 2600 69.1 0 0z\"\/>\n\t<path class=\"elementor-shape-fill\" style=\"opacity:0.5\" d=\"M0 0L2600 0 2600 69.1 0 69.1z\"\/>\n\t<path class=\"elementor-shape-fill\" style=\"opacity:0.25\" d=\"M2600 0L0 0 0 130.1 2600 69.1z\"\/>\n<\/svg>\t\t<\/div>\n\t\t\t\t<div class=\"elementor-element elementor-element-6699fe5f elementor-widget elementor-widget-heading\" data-id=\"6699fe5f\" data-element_type=\"widget\" data-e-type=\"widget\" data-widget_type=\"heading.default\">\n\t\t\t\t<div class=\"elementor-widget-container\">\n\t\t\t\t\t<h2 class=\"elementor-heading-title elementor-size-default\">2. Condizioni di prenotazione<\/h2>\t\t\t\t<\/div>\n\t\t\t\t<\/div>\n\t\t\t\t<div class=\"elementor-element elementor-element-53c111a0 elementor-widget elementor-widget-text-editor\" data-id=\"53c111a0\" data-element_type=\"widget\" data-e-type=\"widget\" data-widget_type=\"text-editor.default\">\n\t\t\t\t<div class=\"elementor-widget-container\">\n\t\t\t\t\t\t\t\t\t<ol><li><p>L&#8217;azienda fornisce servizi per l&#8217;organizzazione di conferenze, mini-conferenze, ritiri, viaggi nella giungla, concerti (di seguito, collettivamente indicati come &#8220;<strong>EVENTI<\/strong>&#8220;).<\/p><p>Tutte le transazioni tra EVOLUCI\u00d3N INTERIOR e l&#8217;utente (di seguito &#8220;Utente&#8221;) si svolgeranno in Spagna, sotto il dominio <a href=\"https:\/\/innerevolutionschool.com\/it\/\">innerevolutionschool.com<\/a> che \u00e8 associato ai server dedicati ai Servizi per eventi.<\/p><p>L&#8217;acquisto e l&#8217;utilizzo dei Servizi per eventi \u00e8 severamente vietato a qualsiasi persona di et\u00e0 inferiore ai 18 anni o che non abbia raggiunto la maggiore et\u00e0 in conformit\u00e0 alle disposizioni della legislazione spagnola.<\/p><p>Ai fini delle disposizioni dell&#8217;Art. 27.a) della LSSI, l&#8217;assunzione tramite https:\/\/inner-discovery.org avverr\u00e0 attraverso le seguenti fasi:<\/p><ul><li><strong>Fase 1 \/<\/strong> Registrazione dell&#8217;utente (dati del pagante, dati del partecipante, selezione della data dell&#8217;evento sulla pagina tramite i parametri di ricerca), possibilit\u00e0 di scegliere l&#8217;iscrizione a una newsletter e\/o a offerte.<\/li><li><strong>Fase 2 \/<\/strong> Accettazione dei termini e delle condizioni<\/li><li><strong>Fase 3 \/<\/strong> Scelta del metodo di pagamento.<\/li><li><strong>Fase 4 \/<\/strong> Verifica dei dati di prenotazione.<\/li><li><strong>Fase 5 \/<\/strong> Formalizzazione della prenotazione, esempio di pagina di conferma.<\/li><li><strong>Fase 6 \/<\/strong> Invio dell&#8217;e-mail di conferma della prenotazione con i dati della stessa.<p>EVOLUCI\u00d3N INTERIOR generer\u00e0 un documento elettronico completo della formalizzazione della prenotazione per la sua archiviazione, dandone accesso e piena conoscenza al cliente mediante l&#8217;invio di un&#8217;e-mail con il suo contenuto al termine del processo di prenotazione.<\/p><p>Dopo aver formalizzato la prenotazione, il cliente \u00e8 invitato a rivederne il contenuto per individuare eventuali errori nell&#8217;inserimento dei dati; per elaborare la correzione, inviare un&#8217;e-mail a support@innerevolutionschool.com indicando i dati identificativi della prenotazione.<\/p><p>La nostra procedura di reclutamento \u00e8 offerta nelle seguenti lingue: Spagnolo, Inglese e Italiano.<\/p><p>In base alle condizioni specifiche delle tariffe applicate alla prenotazione, il pagamento pu\u00f2 essere effettuato interamente o parzialmente in anticipo al momento della formalizzazione della prenotazione.<\/p><p>\u00c8 indispensabile inviare una mail di conferma del pagamento effettuato per la prenotazione indicando nome e cognome, data di prenotazione e luogo dell&#8217;evento a administracion@innermastery.es. Nel caso in cui non ci siano posti disponibili, il pagamento verr\u00e0 restituito.<\/p><p>I pagamenti possono essere effettuati tramite deposito, bonifico bancario o Paypal.<\/p><p>Una volta effettuato il deposito, l&#8217;utente deve informare via e-mail <b>support@innerevolutionschool.com <\/b>o compilare il modulo di registrazione.<\/p><p>EVOLUCI\u00d3N INTERIOR informer\u00e0 l&#8217;utente del luogo esatto dell&#8217;evento e di altre raccomandazioni prima di ogni evento.<\/p><p>L&#8217;utente deve compilare un modulo in cui fornisce i dati personali essenziali per la corretta erogazione del servizio da parte di EVOLUCI\u00d3N INTERIOR. In caso di omissione di uno di questi dati, EVOLUCI\u00d3N INTERIOR si riserva il diritto di risolvere il contratto con l&#8217;utente, restituendo il pagamento effettuato per la prenotazione dell&#8217;evento. <\/p><p>Si informa l&#8217;utente che, in conformit\u00e0 con le disposizioni dell&#8217;Art. 93.2.b) della Legge Generale per la Difesa dei Consumatori e degli Utenti (LGDCyU), la normativa legale relativa al diritto di recesso non si applicher\u00e0 alle prenotazioni effettuate tramite www. innermastery.eu, essendo in ogni caso di applicazione le seguenti condizioni particolari in termini di cancellazione: <\/p><ul><li>a) In caso di sospensione dell&#8217;evento per qualsiasi motivo imputabile all&#8217;azienda, il pagamento sar\u00e0 restituito all&#8217;Utente.<\/li><li>b) Nel caso in cui il partecipante cancelli la prenotazione, il rimborso dell&#8217;anticipo versato non verr\u00e0 effettuato. \u00c8 possibile utilizzare il 50% dell&#8217;importo pagato per una nuova prenotazione nei tre mesi successivi, se c&#8217;\u00e8 disponibilit\u00e0 e a condizione che la cancellazione venga effettuata almeno 72 ore prima dell&#8217;inizio del ritiro. <\/li><li>c) In caso di contrattazione di due o pi\u00f9 notti, se l&#8217;utente non ne usufruisce, il rimborso del denaro versato non sar\u00e0 applicabile.<\/li><li>d) Se l&#8217;utente ha scelto un&#8217;opzione e decide di ampliarla, la nuova opzione viene considerata indipendente dalla prima scelta.<\/li><\/ul><p>Una volta formalizzata la prenotazione, in caso di pagamento parziale anticipato, l&#8217;utente verser\u00e0 la differenza al momento della partecipazione all&#8217;evento (in contanti o tramite Paypal a EVOLUCI\u00d3N INTERIOR, fornendo i dati identificativi della prenotazione.<\/p><p>Tutti gli eventi prenotati sono debitamente dettagliati in documenti che vengono inviati via e-mail privata a ogni possibile partecipante che manifesta interesse.<\/p><\/li><\/ul><\/li><\/ol>\t\t\t\t\t\t\t\t<\/div>\n\t\t\t\t<\/div>\n\t\t\t\t\t<\/div>\n\t\t\t\t<\/div>\n\t\t\t\t<\/div>\n\t\t","protected":false},"excerpt":{"rendered":"<p>TERMINI E CONDIZIONI 1. Informazioni legali Ai fini delle disposizioni dell&#8217;Art. 10.1 della Legge 34\/2002 dell&#8217;11 luglio sui servizi della societ\u00e0 dell&#8217;informazione e della posta elettronica (LSSI), si dichiara che il fornitore del servizio \u00e8 EVOLUCI\u00d3N INTERIOR S.L. SOCIEDAD UNIPERSONAL, (di seguito &#8220;EVOLUCI\u00d3N INTERIOR&#8221;) \u00e8 una societ\u00e0 a responsabilit\u00e0 limitata di diritto spagnolo, con sede<a href=\"https:\/\/innerevolutionschool.com\/it\/termini-e-condizioni\/\" class=\"more-link\"><span class=\"screen-reader-text\">Termini e condizioni<\/span><\/a><\/p>\n","protected":false},"author":1,"featured_media":0,"parent":0,"menu_order":0,"comment_status":"closed","ping_status":"closed","template":"elementor_header_footer","meta":{"footnotes":""},"class_list":["post-6828","page","type-page","status-publish","hentry"],"yoast_head":"<!-- This site is optimized with the Yoast SEO plugin v27.5 - https:\/\/yoast.com\/product\/yoast-seo-wordpress\/ -->\n<title>Termini e condizioni - Inner Evolution School<\/title>\n<meta name=\"robots\" content=\"index, follow, max-snippet:-1, max-image-preview:large, max-video-preview:-1\" \/>\n<link rel=\"canonical\" href=\"https:\/\/innerevolutionschool.com\/it\/termini-e-condizioni\/\" \/>\n<meta property=\"og:locale\" content=\"it_IT\" \/>\n<meta property=\"og:type\" content=\"article\" \/>\n<meta property=\"og:title\" content=\"Termini e condizioni - Inner Evolution School\" \/>\n<meta property=\"og:description\" content=\"TERMINI E CONDIZIONI 1. Informazioni legali Ai fini delle disposizioni dell&#8217;Art. 10.1 della Legge 34\/2002 dell&#8217;11 luglio sui servizi della societ\u00e0 dell&#8217;informazione e della posta elettronica (LSSI), si dichiara che il fornitore del servizio \u00e8 EVOLUCI\u00d3N INTERIOR S.L. SOCIEDAD UNIPERSONAL, (di seguito &#8220;EVOLUCI\u00d3N INTERIOR&#8221;) \u00e8 una societ\u00e0 a responsabilit\u00e0 limitata di diritto spagnolo, con sedeTermini e condizioni\" \/>\n<meta property=\"og:url\" content=\"https:\/\/innerevolutionschool.com\/it\/termini-e-condizioni\/\" \/>\n<meta property=\"og:site_name\" content=\"Inner Evolution School\" \/>\n<meta property=\"article:modified_time\" content=\"2025-07-08T17:58:32+00:00\" \/>\n<meta name=\"twitter:card\" content=\"summary_large_image\" \/>\n<meta name=\"twitter:label1\" content=\"Tempo di lettura stimato\" \/>\n\t<meta name=\"twitter:data1\" content=\"4 minuti\" \/>\n<script type=\"application\/ld+json\" class=\"yoast-schema-graph\">{\"@context\":\"https:\\\/\\\/schema.org\",\"@graph\":[{\"@type\":\"WebPage\",\"@id\":\"https:\\\/\\\/innerevolutionschool.com\\\/it\\\/termini-e-condizioni\\\/\",\"url\":\"https:\\\/\\\/innerevolutionschool.com\\\/it\\\/termini-e-condizioni\\\/\",\"name\":\"Termini e condizioni - Inner Evolution School\",\"isPartOf\":{\"@id\":\"https:\\\/\\\/innerevolutionschool.com\\\/it\\\/#website\"},\"datePublished\":\"2025-02-21T22:37:30+00:00\",\"dateModified\":\"2025-07-08T17:58:32+00:00\",\"breadcrumb\":{\"@id\":\"https:\\\/\\\/innerevolutionschool.com\\\/it\\\/termini-e-condizioni\\\/#breadcrumb\"},\"inLanguage\":\"it-IT\",\"potentialAction\":[{\"@type\":\"ReadAction\",\"target\":[\"https:\\\/\\\/innerevolutionschool.com\\\/it\\\/termini-e-condizioni\\\/\"]}]},{\"@type\":\"BreadcrumbList\",\"@id\":\"https:\\\/\\\/innerevolutionschool.com\\\/it\\\/termini-e-condizioni\\\/#breadcrumb\",\"itemListElement\":[{\"@type\":\"ListItem\",\"position\":1,\"name\":\"Home\",\"item\":\"https:\\\/\\\/innerevolutionschool.com\\\/it\\\/\"},{\"@type\":\"ListItem\",\"position\":2,\"name\":\"Termini e condizioni\"}]},{\"@type\":\"WebSite\",\"@id\":\"https:\\\/\\\/innerevolutionschool.com\\\/it\\\/#website\",\"url\":\"https:\\\/\\\/innerevolutionschool.com\\\/it\\\/\",\"name\":\"Inner Evolution School\",\"description\":\"An innovative training model dedicated to the science of the internal.\",\"publisher\":{\"@id\":\"https:\\\/\\\/innerevolutionschool.com\\\/it\\\/#organization\"},\"potentialAction\":[{\"@type\":\"SearchAction\",\"target\":{\"@type\":\"EntryPoint\",\"urlTemplate\":\"https:\\\/\\\/innerevolutionschool.com\\\/it\\\/?s={search_term_string}\"},\"query-input\":{\"@type\":\"PropertyValueSpecification\",\"valueRequired\":true,\"valueName\":\"search_term_string\"}}],\"inLanguage\":\"it-IT\"},{\"@type\":\"Organization\",\"@id\":\"https:\\\/\\\/innerevolutionschool.com\\\/it\\\/#organization\",\"name\":\"Inner Evolution School\",\"url\":\"https:\\\/\\\/innerevolutionschool.com\\\/it\\\/\",\"logo\":{\"@type\":\"ImageObject\",\"inLanguage\":\"it-IT\",\"@id\":\"https:\\\/\\\/innerevolutionschool.com\\\/it\\\/#\\\/schema\\\/logo\\\/image\\\/\",\"url\":\"https:\\\/\\\/innerevolutionschool.com\\\/wp-content\\\/uploads\\\/2025\\\/03\\\/hero-inner-evolution-school.png\",\"contentUrl\":\"https:\\\/\\\/innerevolutionschool.com\\\/wp-content\\\/uploads\\\/2025\\\/03\\\/hero-inner-evolution-school.png\",\"width\":1456,\"height\":816,\"caption\":\"Inner Evolution School\"},\"image\":{\"@id\":\"https:\\\/\\\/innerevolutionschool.com\\\/it\\\/#\\\/schema\\\/logo\\\/image\\\/\"}}]}<\/script>\n<!-- \/ Yoast SEO plugin. -->","yoast_head_json":{"title":"Termini e condizioni - Inner Evolution School","robots":{"index":"index","follow":"follow","max-snippet":"max-snippet:-1","max-image-preview":"max-image-preview:large","max-video-preview":"max-video-preview:-1"},"canonical":"https:\/\/innerevolutionschool.com\/it\/termini-e-condizioni\/","og_locale":"it_IT","og_type":"article","og_title":"Termini e condizioni - Inner Evolution School","og_description":"TERMINI E CONDIZIONI 1. Informazioni legali Ai fini delle disposizioni dell&#8217;Art. 10.1 della Legge 34\/2002 dell&#8217;11 luglio sui servizi della societ\u00e0 dell&#8217;informazione e della posta elettronica (LSSI), si dichiara che il fornitore del servizio \u00e8 EVOLUCI\u00d3N INTERIOR S.L. SOCIEDAD UNIPERSONAL, (di seguito &#8220;EVOLUCI\u00d3N INTERIOR&#8221;) \u00e8 una societ\u00e0 a responsabilit\u00e0 limitata di diritto spagnolo, con sedeTermini e condizioni","og_url":"https:\/\/innerevolutionschool.com\/it\/termini-e-condizioni\/","og_site_name":"Inner Evolution School","article_modified_time":"2025-07-08T17:58:32+00:00","twitter_card":"summary_large_image","twitter_misc":{"Tempo di lettura stimato":"4 minuti"},"schema":{"@context":"https:\/\/schema.org","@graph":[{"@type":"WebPage","@id":"https:\/\/innerevolutionschool.com\/it\/termini-e-condizioni\/","url":"https:\/\/innerevolutionschool.com\/it\/termini-e-condizioni\/","name":"Termini e condizioni - Inner Evolution School","isPartOf":{"@id":"https:\/\/innerevolutionschool.com\/it\/#website"},"datePublished":"2025-02-21T22:37:30+00:00","dateModified":"2025-07-08T17:58:32+00:00","breadcrumb":{"@id":"https:\/\/innerevolutionschool.com\/it\/termini-e-condizioni\/#breadcrumb"},"inLanguage":"it-IT","potentialAction":[{"@type":"ReadAction","target":["https:\/\/innerevolutionschool.com\/it\/termini-e-condizioni\/"]}]},{"@type":"BreadcrumbList","@id":"https:\/\/innerevolutionschool.com\/it\/termini-e-condizioni\/#breadcrumb","itemListElement":[{"@type":"ListItem","position":1,"name":"Home","item":"https:\/\/innerevolutionschool.com\/it\/"},{"@type":"ListItem","position":2,"name":"Termini e condizioni"}]},{"@type":"WebSite","@id":"https:\/\/innerevolutionschool.com\/it\/#website","url":"https:\/\/innerevolutionschool.com\/it\/","name":"Inner Evolution School","description":"An innovative training model dedicated to the science of the internal.","publisher":{"@id":"https:\/\/innerevolutionschool.com\/it\/#organization"},"potentialAction":[{"@type":"SearchAction","target":{"@type":"EntryPoint","urlTemplate":"https:\/\/innerevolutionschool.com\/it\/?s={search_term_string}"},"query-input":{"@type":"PropertyValueSpecification","valueRequired":true,"valueName":"search_term_string"}}],"inLanguage":"it-IT"},{"@type":"Organization","@id":"https:\/\/innerevolutionschool.com\/it\/#organization","name":"Inner Evolution School","url":"https:\/\/innerevolutionschool.com\/it\/","logo":{"@type":"ImageObject","inLanguage":"it-IT","@id":"https:\/\/innerevolutionschool.com\/it\/#\/schema\/logo\/image\/","url":"https:\/\/innerevolutionschool.com\/wp-content\/uploads\/2025\/03\/hero-inner-evolution-school.png","contentUrl":"https:\/\/innerevolutionschool.com\/wp-content\/uploads\/2025\/03\/hero-inner-evolution-school.png","width":1456,"height":816,"caption":"Inner Evolution School"},"image":{"@id":"https:\/\/innerevolutionschool.com\/it\/#\/schema\/logo\/image\/"}}]}},"_links":{"self":[{"href":"https:\/\/innerevolutionschool.com\/it\/wp-json\/wp\/v2\/pages\/6828","targetHints":{"allow":["GET"]}}],"collection":[{"href":"https:\/\/innerevolutionschool.com\/it\/wp-json\/wp\/v2\/pages"}],"about":[{"href":"https:\/\/innerevolutionschool.com\/it\/wp-json\/wp\/v2\/types\/page"}],"author":[{"embeddable":true,"href":"https:\/\/innerevolutionschool.com\/it\/wp-json\/wp\/v2\/users\/1"}],"replies":[{"embeddable":true,"href":"https:\/\/innerevolutionschool.com\/it\/wp-json\/wp\/v2\/comments?post=6828"}],"version-history":[{"count":1,"href":"https:\/\/innerevolutionschool.com\/it\/wp-json\/wp\/v2\/pages\/6828\/revisions"}],"predecessor-version":[{"id":6834,"href":"https:\/\/innerevolutionschool.com\/it\/wp-json\/wp\/v2\/pages\/6828\/revisions\/6834"}],"wp:attachment":[{"href":"https:\/\/innerevolutionschool.com\/it\/wp-json\/wp\/v2\/media?parent=6828"}],"curies":[{"name":"wp","href":"https:\/\/api.w.org\/{rel}","templated":true}]}}