{"id":6835,"date":"2025-02-21T22:37:30","date_gmt":"2025-02-21T22:37:30","guid":{"rendered":"https:\/\/innerevolutionschool.com\/condiciones-generales\/"},"modified":"2025-07-08T17:58:47","modified_gmt":"2025-07-08T17:58:47","slug":"condiciones-generales","status":"publish","type":"page","link":"https:\/\/innerevolutionschool.com\/es\/condiciones-generales\/","title":{"rendered":"Condiciones generales"},"content":{"rendered":"\t\t<div data-elementor-type=\"wp-page\" data-elementor-id=\"6835\" class=\"elementor elementor-6835 elementor-17\" data-elementor-post-type=\"page\">\n\t\t\t\t<div class=\"elementor-element elementor-element-709cf6d2 e-flex e-con-boxed e-con e-parent\" data-id=\"709cf6d2\" data-element_type=\"container\" data-e-type=\"container\" data-settings=\"{&quot;background_background&quot;:&quot;classic&quot;}\">\n\t\t\t\t\t<div class=\"e-con-inner\">\n\t\t\t\t<div class=\"elementor-element elementor-element-4dd4a0e elementor-widget elementor-widget-heading\" data-id=\"4dd4a0e\" data-element_type=\"widget\" data-e-type=\"widget\" data-widget_type=\"heading.default\">\n\t\t\t\t<div class=\"elementor-widget-container\">\n\t\t\t\t\t<h1 class=\"elementor-heading-title elementor-size-default\">CONDICIONES GENERALES<\/h1>\t\t\t\t<\/div>\n\t\t\t\t<\/div>\n\t\t\t\t\t<\/div>\n\t\t\t\t<\/div>\n\t\t<div class=\"elementor-element elementor-element-48983a86 e-flex e-con-boxed e-con e-parent\" data-id=\"48983a86\" data-element_type=\"container\" data-e-type=\"container\" data-settings=\"{&quot;shape_divider_bottom&quot;:&quot;opacity-tilt&quot;}\">\n\t\t\t\t\t<div class=\"e-con-inner\">\n\t\t\t\t<div class=\"elementor-shape elementor-shape-bottom\" aria-hidden=\"true\" data-negative=\"false\">\n\t\t\t<svg xmlns=\"http:\/\/www.w3.org\/2000\/svg\" viewBox=\"0 0 2600 131.1\" preserveAspectRatio=\"none\">\n\t<path class=\"elementor-shape-fill\" d=\"M0 0L2600 0 2600 69.1 0 0z\"\/>\n\t<path class=\"elementor-shape-fill\" style=\"opacity:0.5\" d=\"M0 0L2600 0 2600 69.1 0 69.1z\"\/>\n\t<path class=\"elementor-shape-fill\" style=\"opacity:0.25\" d=\"M2600 0L0 0 0 130.1 2600 69.1z\"\/>\n<\/svg>\t\t<\/div>\n\t\t\t\t<div class=\"elementor-element elementor-element-6407998d elementor-widget elementor-widget-heading\" data-id=\"6407998d\" data-element_type=\"widget\" data-e-type=\"widget\" data-widget_type=\"heading.default\">\n\t\t\t\t<div class=\"elementor-widget-container\">\n\t\t\t\t\t<h2 class=\"elementor-heading-title elementor-size-default\">1. 1. Informaci\u00f3n jur\u00eddica<\/h2>\t\t\t\t<\/div>\n\t\t\t\t<\/div>\n\t\t\t\t<div class=\"elementor-element elementor-element-60de37b5 elementor-widget elementor-widget-text-editor\" data-id=\"60de37b5\" data-element_type=\"widget\" data-e-type=\"widget\" data-widget_type=\"text-editor.default\">\n\t\t\t\t<div class=\"elementor-widget-container\">\n\t\t\t\t\t\t\t\t\t<p>A los efectos de lo dispuesto en el Art. 10.1 de la Ley 34\/2002, de 11 de julio, de servicios de la sociedad de la informaci\u00f3n y de correo electr\u00f3nico (LSSI), se hace constar que el prestador del servicio es EVOLUCI\u00d3N INTERIOR S.L. SOCIEDAD UNIPERSONAL, (en adelante \u00abEVOLUCI\u00d3N INTERIOR\u00bb) es una sociedad an\u00f3nima de derecho espa\u00f1ol, con domicilio social en Calle Tel\u00e9grafos 5, (28140 Fuente el Saz &#8211; Madrid), con CIF n\u00famero B87071205, inscrita en el Registro Mercantil de Madrid, al Tomo 32.517, Folio 153, Hoja M-585279.<\/p><p>Correo electr\u00f3nico de contacto: <a href=\"mailto:centro@evolucioninterior.es\">centro@evolucioninterior.es<\/a><\/p>\t\t\t\t\t\t\t\t<\/div>\n\t\t\t\t<\/div>\n\t\t\t\t\t<\/div>\n\t\t\t\t<\/div>\n\t\t<div class=\"elementor-element elementor-element-53c1a2a2 e-flex e-con-boxed e-con e-parent\" data-id=\"53c1a2a2\" data-element_type=\"container\" data-e-type=\"container\" data-settings=\"{&quot;shape_divider_bottom&quot;:&quot;opacity-tilt&quot;}\">\n\t\t\t\t\t<div class=\"e-con-inner\">\n\t\t\t\t<div class=\"elementor-shape elementor-shape-bottom\" aria-hidden=\"true\" data-negative=\"false\">\n\t\t\t<svg xmlns=\"http:\/\/www.w3.org\/2000\/svg\" viewBox=\"0 0 2600 131.1\" preserveAspectRatio=\"none\">\n\t<path class=\"elementor-shape-fill\" d=\"M0 0L2600 0 2600 69.1 0 0z\"\/>\n\t<path class=\"elementor-shape-fill\" style=\"opacity:0.5\" d=\"M0 0L2600 0 2600 69.1 0 69.1z\"\/>\n\t<path class=\"elementor-shape-fill\" style=\"opacity:0.25\" d=\"M2600 0L0 0 0 130.1 2600 69.1z\"\/>\n<\/svg>\t\t<\/div>\n\t\t\t\t<div class=\"elementor-element elementor-element-6699fe5f elementor-widget elementor-widget-heading\" data-id=\"6699fe5f\" data-element_type=\"widget\" data-e-type=\"widget\" data-widget_type=\"heading.default\">\n\t\t\t\t<div class=\"elementor-widget-container\">\n\t\t\t\t\t<h2 class=\"elementor-heading-title elementor-size-default\">2. Condiciones de reserva<\/h2>\t\t\t\t<\/div>\n\t\t\t\t<\/div>\n\t\t\t\t<div class=\"elementor-element elementor-element-53c111a0 elementor-widget elementor-widget-text-editor\" data-id=\"53c111a0\" data-element_type=\"widget\" data-e-type=\"widget\" data-widget_type=\"text-editor.default\">\n\t\t\t\t<div class=\"elementor-widget-container\">\n\t\t\t\t\t\t\t\t\t<ol><li><p>La empresa presta servicios para la organizaci\u00f3n de conferencias, miniconferencias, retiros, viajes a la selva, conciertos (en lo sucesivo, denominados colectivamente los \u00ab<strong>EVENTOS<\/strong>\u00ab).<\/p><p>Todas las transacciones entre EVOLUCI\u00d3N INTERIOR y el usuario (en adelante, el \u00abUsuario\u00bb) tendr\u00e1n lugar en Espa\u00f1a, bajo el dominio <a href=\"https:\/\/innerevolutionschool.com\/es\/\">innerevolutionschool.com<\/a> que est\u00e1 asociado a los servidores dedicados a los Servicios de Eventos.<\/p><p>La adquisici\u00f3n y utilizaci\u00f3n de los Servicios para Eventos est\u00e1 estrictamente prohibida a cualquier persona menor de 18 a\u00f1os o que no haya alcanzado la mayor\u00eda de edad de conformidad con lo dispuesto en la legislaci\u00f3n espa\u00f1ola.<\/p><p>A los efectos de lo dispuesto en el Art. 27.a) de la LSSI, la contrataci\u00f3n a trav\u00e9s de https:\/\/inner-discovery.org se realizar\u00e1 a trav\u00e9s de los siguientes pasos:<\/p><ul><li><strong>Paso 1 \/<\/strong> Registro del usuario (datos del pagador, datos del participante, selecci\u00f3n de la fecha del evento en la p\u00e1gina mediante los par\u00e1metros de b\u00fasqueda), posibilidad de elegir la suscripci\u00f3n a un bolet\u00edn y\/o ofertas.<\/li><li><strong>Paso 2 \/<\/strong> Aceptaci\u00f3n de los t\u00e9rminos y condiciones<\/li><li><strong>Paso 3 \/<\/strong> Elecci\u00f3n del m\u00e9todo de pago.<\/li><li><strong>Paso 4 \/<\/strong> Verificaci\u00f3n de los datos de la reserva.<\/li><li><strong>Paso 5 \/<\/strong> Formalizaci\u00f3n de la reserva, ejemplo de p\u00e1gina de confirmaci\u00f3n.<\/li><li><strong>Paso 6 \/<\/strong> Env\u00edo del e-mail de confirmaci\u00f3n de la reserva con los datos de la misma.<p>EVOLUCI\u00d3N INTERIOR generar\u00e1 un documento electr\u00f3nico comprensivo de la formalizaci\u00f3n de la reserva para su archivo, dando acceso y pleno conocimiento del mismo al cliente mediante el env\u00edo de un correo electr\u00f3nico con su contenido al finalizar el proceso de reserva.<\/p><p>Tras formalizar la reserva, se solicita al cliente que revise el contenido de la misma con el fin de identificar posibles errores en la introducci\u00f3n de datos; Para tramitar su correcci\u00f3n, env\u00ede un correo electr\u00f3nico a support@innerevolutionschool.com indicando los datos identificativos de la reserva.<\/p><p>Nuestro procedimiento de contrataci\u00f3n se ofrece en los siguientes idiomas: Espa\u00f1ol, Ingl\u00e9s e Italiano.<\/p><p>Seg\u00fan las condiciones espec\u00edficas de las tarifas aplicadas a la reserva, el pago podr\u00e1 realizarse total o parcialmente por adelantado en el momento de formalizar la reserva.<\/p><p>Es imprescindible enviar un email de confirmaci\u00f3n del pago realizado por la reserva indicando el nombre y apellidos, fecha de la reserva y lugar del evento a administracion@innermastery.es. En el caso de que no haya plazas disponibles, se devolver\u00e1 el pago.<\/p><p>Los pagos pueden realizarse mediante ingreso, transferencia bancaria o Paypal.<\/p><p>Una vez realizado el ingreso, el usuario deber\u00e1 informar por correo electr\u00f3nico a <b>support@innerevolutionschool.com <\/b>o rellenar el formulario de inscripci\u00f3n.<\/p><p>EVOLUCI\u00d3N INTERIOR informar\u00e1 al usuario de la ubicaci\u00f3n exacta del evento y de otras recomendaciones antes de cada evento.<\/p><p>El usuario deber\u00e1 cumplimentar un formulario en el que facilitar\u00e1 los datos personales imprescindibles para la correcta prestaci\u00f3n del servicio por parte de EVOLUCI\u00d3N INTERIOR. En caso de omisi\u00f3n de alguno de estos datos, EVOLUCI\u00d3N INTERIOR se reserva el derecho a resolver el contrato con el usuario, devolvi\u00e9ndole el pago realizado para la reserva del evento. <\/p><p>Se informa que de conformidad con lo dispuesto en el Art. 93.2.b) Ley General para la Defensa de los Consumidores y Usuarios (LGDCyU), la regulaci\u00f3n legal relativa al derecho de desistimiento no ser\u00e1 de aplicaci\u00f3n a las reservas realizadas a trav\u00e9s de www. innermastery.eu, siendo en todo caso de aplicaci\u00f3n las siguientes condiciones particulares en materia de cancelaci\u00f3n: <\/p><ul><li>a) En caso de suspensi\u00f3n del evento por cualquier causa imputable a la empresa, el pago ser\u00e1 devuelto al Usuario.<\/li><li>b) En caso de que el participante cancele la reserva, no se devolver\u00e1 el importe del anticipo. Podr\u00e1 utilizar el 50% del importe abonado para una nueva reserva en los tres meses siguientes, si hay disponibilidad y siempre que la anulaci\u00f3n se realice al menos 72 horas antes del inicio de la retirada. <\/li><li>c) En caso de contratar dos o m\u00e1s noches, si el usuario no las utiliza, no proceder\u00e1 la devoluci\u00f3n del dinero abonado.<\/li><li>d) Si el usuario ha elegido una opci\u00f3n y decide ampliarla, la nueva opci\u00f3n se considera independiente de la primera elegida.<\/li><\/ul><p>Una vez formalizada la reserva, en caso de pago parcial anticipado, el usuario abonar\u00e1 la diferencia al asistir al evento (en efectivo o v\u00eda Paypal a EVOLUCI\u00d3N INTERIOR, facilitando los datos identificativos de la reserva.<\/p><p>Todos los actos reservados se detallan debidamente en documentos que se env\u00edan por correo electr\u00f3nico privado a cada posible participante que manifieste su inter\u00e9s.<\/p><\/li><\/ul><\/li><\/ol>\t\t\t\t\t\t\t\t<\/div>\n\t\t\t\t<\/div>\n\t\t\t\t\t<\/div>\n\t\t\t\t<\/div>\n\t\t\t\t<\/div>\n\t\t","protected":false},"excerpt":{"rendered":"<p>CONDICIONES GENERALES 1. 1. Informaci\u00f3n jur\u00eddica A los efectos de lo dispuesto en el Art. 10.1 de la Ley 34\/2002, de 11 de julio, de servicios de la sociedad de la informaci\u00f3n y de correo electr\u00f3nico (LSSI), se hace constar que el prestador del servicio es EVOLUCI\u00d3N INTERIOR S.L. SOCIEDAD UNIPERSONAL, (en adelante \u00abEVOLUCI\u00d3N INTERIOR\u00bb)<a href=\"https:\/\/innerevolutionschool.com\/es\/condiciones-generales\/\" class=\"more-link\"><span class=\"screen-reader-text\">Condiciones generales<\/span><\/a><\/p>\n","protected":false},"author":1,"featured_media":0,"parent":0,"menu_order":0,"comment_status":"closed","ping_status":"closed","template":"elementor_header_footer","meta":{"footnotes":""},"class_list":["post-6835","page","type-page","status-publish","hentry"],"yoast_head":"<!-- This site is optimized with the Yoast SEO plugin v27.5 - https:\/\/yoast.com\/product\/yoast-seo-wordpress\/ -->\n<title>Condiciones generales - Inner Evolution School<\/title>\n<meta name=\"robots\" content=\"index, follow, max-snippet:-1, max-image-preview:large, max-video-preview:-1\" \/>\n<link rel=\"canonical\" href=\"https:\/\/innerevolutionschool.com\/es\/condiciones-generales\/\" \/>\n<meta property=\"og:locale\" content=\"es_ES\" \/>\n<meta property=\"og:type\" content=\"article\" \/>\n<meta property=\"og:title\" content=\"Condiciones generales - Inner Evolution School\" \/>\n<meta property=\"og:description\" content=\"CONDICIONES GENERALES 1. 1. Informaci\u00f3n jur\u00eddica A los efectos de lo dispuesto en el Art. 10.1 de la Ley 34\/2002, de 11 de julio, de servicios de la sociedad de la informaci\u00f3n y de correo electr\u00f3nico (LSSI), se hace constar que el prestador del servicio es EVOLUCI\u00d3N INTERIOR S.L. SOCIEDAD UNIPERSONAL, (en adelante \u00abEVOLUCI\u00d3N INTERIOR\u00bb)Condiciones generales\" \/>\n<meta property=\"og:url\" content=\"https:\/\/innerevolutionschool.com\/es\/condiciones-generales\/\" \/>\n<meta property=\"og:site_name\" content=\"Inner Evolution School\" \/>\n<meta property=\"article:modified_time\" content=\"2025-07-08T17:58:47+00:00\" \/>\n<meta name=\"twitter:card\" content=\"summary_large_image\" \/>\n<meta name=\"twitter:label1\" content=\"Tiempo de lectura\" \/>\n\t<meta name=\"twitter:data1\" content=\"4 minutos\" \/>\n<script type=\"application\/ld+json\" class=\"yoast-schema-graph\">{\"@context\":\"https:\\\/\\\/schema.org\",\"@graph\":[{\"@type\":\"WebPage\",\"@id\":\"https:\\\/\\\/innerevolutionschool.com\\\/es\\\/condiciones-generales\\\/\",\"url\":\"https:\\\/\\\/innerevolutionschool.com\\\/es\\\/condiciones-generales\\\/\",\"name\":\"Condiciones generales - Inner Evolution School\",\"isPartOf\":{\"@id\":\"https:\\\/\\\/innerevolutionschool.com\\\/es\\\/#website\"},\"datePublished\":\"2025-02-21T22:37:30+00:00\",\"dateModified\":\"2025-07-08T17:58:47+00:00\",\"breadcrumb\":{\"@id\":\"https:\\\/\\\/innerevolutionschool.com\\\/es\\\/condiciones-generales\\\/#breadcrumb\"},\"inLanguage\":\"es\",\"potentialAction\":[{\"@type\":\"ReadAction\",\"target\":[\"https:\\\/\\\/innerevolutionschool.com\\\/es\\\/condiciones-generales\\\/\"]}]},{\"@type\":\"BreadcrumbList\",\"@id\":\"https:\\\/\\\/innerevolutionschool.com\\\/es\\\/condiciones-generales\\\/#breadcrumb\",\"itemListElement\":[{\"@type\":\"ListItem\",\"position\":1,\"name\":\"Home\",\"item\":\"https:\\\/\\\/innerevolutionschool.com\\\/es\\\/escuela-de-evolucion-interior-ies-2\\\/\"},{\"@type\":\"ListItem\",\"position\":2,\"name\":\"Condiciones generales\"}]},{\"@type\":\"WebSite\",\"@id\":\"https:\\\/\\\/innerevolutionschool.com\\\/es\\\/#website\",\"url\":\"https:\\\/\\\/innerevolutionschool.com\\\/es\\\/\",\"name\":\"Inner Evolution School\",\"description\":\"An innovative training model dedicated to the science of the internal.\",\"publisher\":{\"@id\":\"https:\\\/\\\/innerevolutionschool.com\\\/es\\\/#organization\"},\"potentialAction\":[{\"@type\":\"SearchAction\",\"target\":{\"@type\":\"EntryPoint\",\"urlTemplate\":\"https:\\\/\\\/innerevolutionschool.com\\\/es\\\/?s={search_term_string}\"},\"query-input\":{\"@type\":\"PropertyValueSpecification\",\"valueRequired\":true,\"valueName\":\"search_term_string\"}}],\"inLanguage\":\"es\"},{\"@type\":\"Organization\",\"@id\":\"https:\\\/\\\/innerevolutionschool.com\\\/es\\\/#organization\",\"name\":\"Inner Evolution School\",\"url\":\"https:\\\/\\\/innerevolutionschool.com\\\/es\\\/\",\"logo\":{\"@type\":\"ImageObject\",\"inLanguage\":\"es\",\"@id\":\"https:\\\/\\\/innerevolutionschool.com\\\/es\\\/#\\\/schema\\\/logo\\\/image\\\/\",\"url\":\"https:\\\/\\\/innerevolutionschool.com\\\/wp-content\\\/uploads\\\/2025\\\/03\\\/hero-inner-evolution-school.png\",\"contentUrl\":\"https:\\\/\\\/innerevolutionschool.com\\\/wp-content\\\/uploads\\\/2025\\\/03\\\/hero-inner-evolution-school.png\",\"width\":1456,\"height\":816,\"caption\":\"Inner Evolution School\"},\"image\":{\"@id\":\"https:\\\/\\\/innerevolutionschool.com\\\/es\\\/#\\\/schema\\\/logo\\\/image\\\/\"}}]}<\/script>\n<!-- \/ Yoast SEO plugin. -->","yoast_head_json":{"title":"Condiciones generales - Inner Evolution School","robots":{"index":"index","follow":"follow","max-snippet":"max-snippet:-1","max-image-preview":"max-image-preview:large","max-video-preview":"max-video-preview:-1"},"canonical":"https:\/\/innerevolutionschool.com\/es\/condiciones-generales\/","og_locale":"es_ES","og_type":"article","og_title":"Condiciones generales - Inner Evolution School","og_description":"CONDICIONES GENERALES 1. 1. Informaci\u00f3n jur\u00eddica A los efectos de lo dispuesto en el Art. 10.1 de la Ley 34\/2002, de 11 de julio, de servicios de la sociedad de la informaci\u00f3n y de correo electr\u00f3nico (LSSI), se hace constar que el prestador del servicio es EVOLUCI\u00d3N INTERIOR S.L. SOCIEDAD UNIPERSONAL, (en adelante \u00abEVOLUCI\u00d3N INTERIOR\u00bb)Condiciones generales","og_url":"https:\/\/innerevolutionschool.com\/es\/condiciones-generales\/","og_site_name":"Inner Evolution School","article_modified_time":"2025-07-08T17:58:47+00:00","twitter_card":"summary_large_image","twitter_misc":{"Tiempo de lectura":"4 minutos"},"schema":{"@context":"https:\/\/schema.org","@graph":[{"@type":"WebPage","@id":"https:\/\/innerevolutionschool.com\/es\/condiciones-generales\/","url":"https:\/\/innerevolutionschool.com\/es\/condiciones-generales\/","name":"Condiciones generales - Inner Evolution School","isPartOf":{"@id":"https:\/\/innerevolutionschool.com\/es\/#website"},"datePublished":"2025-02-21T22:37:30+00:00","dateModified":"2025-07-08T17:58:47+00:00","breadcrumb":{"@id":"https:\/\/innerevolutionschool.com\/es\/condiciones-generales\/#breadcrumb"},"inLanguage":"es","potentialAction":[{"@type":"ReadAction","target":["https:\/\/innerevolutionschool.com\/es\/condiciones-generales\/"]}]},{"@type":"BreadcrumbList","@id":"https:\/\/innerevolutionschool.com\/es\/condiciones-generales\/#breadcrumb","itemListElement":[{"@type":"ListItem","position":1,"name":"Home","item":"https:\/\/innerevolutionschool.com\/es\/escuela-de-evolucion-interior-ies-2\/"},{"@type":"ListItem","position":2,"name":"Condiciones generales"}]},{"@type":"WebSite","@id":"https:\/\/innerevolutionschool.com\/es\/#website","url":"https:\/\/innerevolutionschool.com\/es\/","name":"Inner Evolution School","description":"An innovative training model dedicated to the science of the internal.","publisher":{"@id":"https:\/\/innerevolutionschool.com\/es\/#organization"},"potentialAction":[{"@type":"SearchAction","target":{"@type":"EntryPoint","urlTemplate":"https:\/\/innerevolutionschool.com\/es\/?s={search_term_string}"},"query-input":{"@type":"PropertyValueSpecification","valueRequired":true,"valueName":"search_term_string"}}],"inLanguage":"es"},{"@type":"Organization","@id":"https:\/\/innerevolutionschool.com\/es\/#organization","name":"Inner Evolution School","url":"https:\/\/innerevolutionschool.com\/es\/","logo":{"@type":"ImageObject","inLanguage":"es","@id":"https:\/\/innerevolutionschool.com\/es\/#\/schema\/logo\/image\/","url":"https:\/\/innerevolutionschool.com\/wp-content\/uploads\/2025\/03\/hero-inner-evolution-school.png","contentUrl":"https:\/\/innerevolutionschool.com\/wp-content\/uploads\/2025\/03\/hero-inner-evolution-school.png","width":1456,"height":816,"caption":"Inner Evolution School"},"image":{"@id":"https:\/\/innerevolutionschool.com\/es\/#\/schema\/logo\/image\/"}}]}},"_links":{"self":[{"href":"https:\/\/innerevolutionschool.com\/es\/wp-json\/wp\/v2\/pages\/6835","targetHints":{"allow":["GET"]}}],"collection":[{"href":"https:\/\/innerevolutionschool.com\/es\/wp-json\/wp\/v2\/pages"}],"about":[{"href":"https:\/\/innerevolutionschool.com\/es\/wp-json\/wp\/v2\/types\/page"}],"author":[{"embeddable":true,"href":"https:\/\/innerevolutionschool.com\/es\/wp-json\/wp\/v2\/users\/1"}],"replies":[{"embeddable":true,"href":"https:\/\/innerevolutionschool.com\/es\/wp-json\/wp\/v2\/comments?post=6835"}],"version-history":[{"count":1,"href":"https:\/\/innerevolutionschool.com\/es\/wp-json\/wp\/v2\/pages\/6835\/revisions"}],"predecessor-version":[{"id":6841,"href":"https:\/\/innerevolutionschool.com\/es\/wp-json\/wp\/v2\/pages\/6835\/revisions\/6841"}],"wp:attachment":[{"href":"https:\/\/innerevolutionschool.com\/es\/wp-json\/wp\/v2\/media?parent=6835"}],"curies":[{"name":"wp","href":"https:\/\/api.w.org\/{rel}","templated":true}]}}