{"id":6560,"date":"2025-02-21T22:38:17","date_gmt":"2025-02-21T22:38:17","guid":{"rendered":"https:\/\/innerevolutionschool.com\/pongase-en-contacto-con\/"},"modified":"2025-06-19T12:33:59","modified_gmt":"2025-06-19T12:33:59","slug":"pongase-en-contacto-con","status":"publish","type":"page","link":"https:\/\/innerevolutionschool.com\/es\/pongase-en-contacto-con\/","title":{"rendered":"P\u00f3ngase en contacto con"},"content":{"rendered":"\t\t<div data-elementor-type=\"wp-page\" data-elementor-id=\"6560\" class=\"elementor elementor-6560 elementor-21\" data-elementor-post-type=\"page\">\n\t\t\t\t<div class=\"elementor-element elementor-element-8ff8a80 e-flex e-con-boxed e-con e-parent\" data-id=\"8ff8a80\" data-element_type=\"container\" data-e-type=\"container\" data-settings=\"{&quot;background_background&quot;:&quot;classic&quot;}\">\n\t\t\t\t\t<div class=\"e-con-inner\">\n\t\t<div class=\"elementor-element elementor-element-ffa5c29 e-flex e-con-boxed e-con e-child\" data-id=\"ffa5c29\" data-element_type=\"container\" data-e-type=\"container\">\n\t\t\t\t\t<div class=\"e-con-inner\">\n\t\t\t\t<div class=\"elementor-element elementor-element-57234a4 elementor-widget elementor-widget-heading\" data-id=\"57234a4\" data-element_type=\"widget\" data-e-type=\"widget\" data-widget_type=\"heading.default\">\n\t\t\t\t<div class=\"elementor-widget-container\">\n\t\t\t\t\t<h1 class=\"elementor-heading-title elementor-size-default\">Conecta con <br>Escuela de Evoluci\u00f3n Interior<\/h1>\t\t\t\t<\/div>\n\t\t\t\t<\/div>\n\t\t\t\t<div class=\"elementor-element elementor-element-2ec0df0 elementor-widget elementor-widget-heading\" data-id=\"2ec0df0\" data-element_type=\"widget\" data-e-type=\"widget\" data-widget_type=\"heading.default\">\n\t\t\t\t<div class=\"elementor-widget-container\">\n\t\t\t\t\t<h2 class=\"elementor-heading-title elementor-size-default\">En la Escuela de Evoluci\u00f3n Interior creemos en el poder transformador del crecimiento personal y la evoluci\u00f3n interior. Estamos aqu\u00ed para apoyarte en tu viaje hacia una vida m\u00e1s plena y consciente. <\/h2>\t\t\t\t<\/div>\n\t\t\t\t<\/div>\n\t\t\t\t\t<\/div>\n\t\t\t\t<\/div>\n\t\t\t\t\t<\/div>\n\t\t\t\t<\/div>\n\t\t<div class=\"elementor-element elementor-element-ee3b5aa e-flex e-con-boxed elementor-invisible e-con e-parent\" data-id=\"ee3b5aa\" data-element_type=\"container\" data-e-type=\"container\" data-settings=\"{&quot;animation&quot;:&quot;fadeInUp&quot;}\">\n\t\t\t\t\t<div class=\"e-con-inner\">\n\t\t\t\t<div class=\"elementor-element elementor-element-f395471 elementor-widget elementor-widget-text-editor\" data-id=\"f395471\" data-element_type=\"widget\" data-e-type=\"widget\" data-widget_type=\"text-editor.default\">\n\t\t\t\t<div class=\"elementor-widget-container\">\n\t\t\t\t\t\t\t\t\t<p>Si tiene alguna pregunta sobre nuestros programas, necesita m\u00e1s informaci\u00f3n o simplemente quiere compartir su opini\u00f3n, no dude en ponerse en contacto con nosotros.<\/p><p><strong>Nuestro equipo se compromete a ofrecerle la orientaci\u00f3n y el apoyo que necesita para alcanzar sus objetivos.<\/strong>  Su camino hacia el cambio comienza con un solo paso. P\u00f3ngase en contacto con nosotros hoy mismo y descubra c\u00f3mo podemos ayudarle a transformar su vida. <\/p>\t\t\t\t\t\t\t\t<\/div>\n\t\t\t\t<\/div>\n\t\t\t\t\t<\/div>\n\t\t\t\t<\/div>\n\t\t<div class=\"elementor-element elementor-element-13f7ea2a e-flex e-con-boxed elementor-invisible e-con e-parent\" data-id=\"13f7ea2a\" data-element_type=\"container\" data-e-type=\"container\" data-settings=\"{&quot;background_background&quot;:&quot;classic&quot;,&quot;animation&quot;:&quot;fadeInUp&quot;}\">\n\t\t\t\t\t<div class=\"e-con-inner\">\n\t\t<div class=\"elementor-element elementor-element-af18ef7 e-con-full e-flex e-con e-child\" data-id=\"af18ef7\" data-element_type=\"container\" data-e-type=\"container\" data-settings=\"{&quot;background_background&quot;:&quot;classic&quot;}\">\n\t\t<div class=\"elementor-element elementor-element-436c73f4 e-con-full e-flex e-con e-child\" data-id=\"436c73f4\" data-element_type=\"container\" data-e-type=\"container\" data-settings=\"{&quot;background_background&quot;:&quot;classic&quot;}\">\n\t\t\t\t<div class=\"elementor-element elementor-element-69a96c96 elementor-widget elementor-widget-heading\" data-id=\"69a96c96\" data-element_type=\"widget\" data-e-type=\"widget\" data-widget_type=\"heading.default\">\n\t\t\t\t<div class=\"elementor-widget-container\">\n\t\t\t\t\t<h3 class=\"elementor-heading-title elementor-size-default\">Informaci\u00f3n de contacto<\/h3>\t\t\t\t<\/div>\n\t\t\t\t<\/div>\n\t\t\t\t<div class=\"elementor-element elementor-element-38f6ff4b elementor-widget elementor-widget-text-editor\" data-id=\"38f6ff4b\" data-element_type=\"widget\" data-e-type=\"widget\" data-widget_type=\"text-editor.default\">\n\t\t\t\t<div class=\"elementor-widget-container\">\n\t\t\t\t\t\t\t\t\t<p>Haga posible su transformaci\u00f3n y crecimiento personal. P\u00f3ngase en contacto con nosotros. <\/p>\t\t\t\t\t\t\t\t<\/div>\n\t\t\t\t<\/div>\n\t\t\t\t<div class=\"elementor-element elementor-element-7fc8a97 elementor-icon-list--layout-traditional elementor-list-item-link-full_width elementor-widget elementor-widget-icon-list\" data-id=\"7fc8a97\" data-element_type=\"widget\" data-e-type=\"widget\" data-widget_type=\"icon-list.default\">\n\t\t\t\t<div class=\"elementor-widget-container\">\n\t\t\t\t\t\t\t<ul class=\"elementor-icon-list-items\">\n\t\t\t\t\t\t\t<li class=\"elementor-icon-list-item\">\n\t\t\t\t\t\t\t\t\t\t\t<span class=\"elementor-icon-list-icon\">\n\t\t\t\t\t\t\t<svg aria-hidden=\"true\" class=\"e-font-icon-svg e-fas-phone-alt\" viewBox=\"0 0 512 512\" xmlns=\"http:\/\/www.w3.org\/2000\/svg\"><path d=\"M497.39 361.8l-112-48a24 24 0 0 0-28 6.9l-49.6 60.6A370.66 370.66 0 0 1 130.6 204.11l60.6-49.6a23.94 23.94 0 0 0 6.9-28l-48-112A24.16 24.16 0 0 0 122.6.61l-104 24A24 24 0 0 0 0 48c0 256.5 207.9 464 464 464a24 24 0 0 0 23.4-18.6l24-104a24.29 24.29 0 0 0-14.01-27.6z\"><\/path><\/svg>\t\t\t\t\t\t<\/span>\n\t\t\t\t\t\t\t\t\t\t<span class=\"elementor-icon-list-text\">+34 674 73 31 05 <br> +49 162 3962269<\/span>\n\t\t\t\t\t\t\t\t\t<\/li>\n\t\t\t\t\t\t\t\t<li class=\"elementor-icon-list-item\">\n\t\t\t\t\t\t\t\t\t\t\t<span class=\"elementor-icon-list-icon\">\n\t\t\t\t\t\t\t<svg aria-hidden=\"true\" class=\"e-font-icon-svg e-fas-envelope\" viewBox=\"0 0 512 512\" xmlns=\"http:\/\/www.w3.org\/2000\/svg\"><path d=\"M502.3 190.8c3.9-3.1 9.7-.2 9.7 4.7V400c0 26.5-21.5 48-48 48H48c-26.5 0-48-21.5-48-48V195.6c0-5 5.7-7.8 9.7-4.7 22.4 17.4 52.1 39.5 154.1 113.6 21.1 15.4 56.7 47.8 92.2 47.6 35.7.3 72-32.8 92.3-47.6 102-74.1 131.6-96.3 154-113.7zM256 320c23.2.4 56.6-29.2 73.4-41.4 132.7-96.3 142.8-104.7 173.4-128.7 5.8-4.5 9.2-11.5 9.2-18.9v-19c0-26.5-21.5-48-48-48H48C21.5 64 0 85.5 0 112v19c0 7.4 3.4 14.3 9.2 18.9 30.6 23.9 40.7 32.4 173.4 128.7 16.8 12.2 50.2 41.8 73.4 41.4z\"><\/path><\/svg>\t\t\t\t\t\t<\/span>\n\t\t\t\t\t\t\t\t\t\t<span class=\"elementor-icon-list-text\">ieschool@innerevolutionschool.com<\/span>\n\t\t\t\t\t\t\t\t\t<\/li>\n\t\t\t\t\t\t\t\t<li class=\"elementor-icon-list-item\">\n\t\t\t\t\t\t\t\t\t\t\t<span class=\"elementor-icon-list-icon\">\n\t\t\t\t\t\t\t<svg aria-hidden=\"true\" class=\"e-font-icon-svg e-fas-map-pin\" viewBox=\"0 0 288 512\" xmlns=\"http:\/\/www.w3.org\/2000\/svg\"><path d=\"M112 316.94v156.69l22.02 33.02c4.75 7.12 15.22 7.12 19.97 0L176 473.63V316.94c-10.39 1.92-21.06 3.06-32 3.06s-21.61-1.14-32-3.06zM144 0C64.47 0 0 64.47 0 144s64.47 144 144 144 144-64.47 144-144S223.53 0 144 0zm0 76c-37.5 0-68 30.5-68 68 0 6.62-5.38 12-12 12s-12-5.38-12-12c0-50.73 41.28-92 92-92 6.62 0 12 5.38 12 12s-5.38 12-12 12z\"><\/path><\/svg>\t\t\t\t\t\t<\/span>\n\t\t\t\t\t\t\t\t\t\t<span class=\"elementor-icon-list-text\">Hamburgo, Alemania<\/span>\n\t\t\t\t\t\t\t\t\t<\/li>\n\t\t\t\t\t\t<\/ul>\n\t\t\t\t\t\t<\/div>\n\t\t\t\t<\/div>\n\t\t\t\t<\/div>\n\t\t\t\t<\/div>\n\t\t<div class=\"elementor-element elementor-element-31ee6691 e-con-full e-flex e-con e-child\" data-id=\"31ee6691\" data-element_type=\"container\" data-e-type=\"container\" data-settings=\"{&quot;background_background&quot;:&quot;classic&quot;}\">\n\t\t\t\t<div class=\"elementor-element elementor-element-54266cd8 elementor-button-align-start elementor-widget elementor-widget-form\" data-id=\"54266cd8\" data-element_type=\"widget\" data-e-type=\"widget\" data-settings=\"{&quot;step_next_label&quot;:&quot;Siguiente&quot;,&quot;step_previous_label&quot;:&quot;Anterior&quot;,&quot;button_width&quot;:&quot;100&quot;,&quot;step_type&quot;:&quot;number_text&quot;,&quot;step_icon_shape&quot;:&quot;circle&quot;}\" data-widget_type=\"form.default\">\n\t\t\t\t<div class=\"elementor-widget-container\">\n\t\t\t\t\t\t\t<form class=\"elementor-form\" method=\"post\" name=\"Formulario de contacto\" aria-label=\"Formulario de contacto\">\n\t\t\t<input type=\"hidden\" name=\"post_id\" value=\"6560\"\/>\n\t\t\t<input type=\"hidden\" name=\"form_id\" value=\"54266cd8\"\/>\n\t\t\t<input type=\"hidden\" name=\"referer_title\" value=\"P\u00f3ngase en contacto con - Inner Evolution School\" \/>\n\n\t\t\t\t\t\t\t<input type=\"hidden\" name=\"queried_id\" value=\"6560\"\/>\n\t\t\t\n\t\t\t<div class=\"elementor-form-fields-wrapper elementor-labels-above\">\n\t\t\t\t\t\t\t\t<div class=\"elementor-field-type-text elementor-field-group elementor-column elementor-field-group-name elementor-col-100 elementor-field-required\">\n\t\t\t\t\t\t\t\t\t\t\t\t\t<input size=\"1\" type=\"text\" name=\"form_fields[name]\" id=\"form-field-name\" class=\"elementor-field elementor-size-md  elementor-field-textual\" placeholder=\"Su nombre\" required=\"required\">\n\t\t\t\t\t\t\t\t\t\t\t<\/div>\n\t\t\t\t\t\t\t\t<div class=\"elementor-field-type-email elementor-field-group elementor-column elementor-field-group-email elementor-col-100 elementor-field-required\">\n\t\t\t\t\t\t\t\t\t\t\t\t\t<input size=\"1\" type=\"email\" name=\"form_fields[email]\" id=\"form-field-email\" class=\"elementor-field elementor-size-md  elementor-field-textual\" placeholder=\"Su correo electr\u00f3nico\" required=\"required\">\n\t\t\t\t\t\t\t\t\t\t\t<\/div>\n\t\t\t\t\t\t\t\t<div class=\"elementor-field-type-textarea elementor-field-group elementor-column elementor-field-group-message elementor-col-100\">\n\t\t\t\t\t<textarea class=\"elementor-field-textual elementor-field  elementor-size-md\" name=\"form_fields[message]\" id=\"form-field-message\" rows=\"4\" placeholder=\"Su tema\"><\/textarea>\t\t\t\t<\/div>\n\t\t\t\t\t\t\t\t<div class=\"elementor-field-group elementor-column elementor-field-type-submit elementor-col-100 e-form__buttons\">\n\t\t\t\t\t<button class=\"elementor-button elementor-size-sm\" type=\"submit\">\n\t\t\t\t\t\t<span class=\"elementor-button-content-wrapper\">\n\t\t\t\t\t\t\t\t\t\t\t\t\t\t\t\t\t\t\t\t\t\t<span class=\"elementor-button-text\">Enviar mensaje<\/span>\n\t\t\t\t\t\t\t\t\t\t\t\t\t<\/span>\n\t\t\t\t\t<\/button>\n\t\t\t\t<\/div>\n\t\t\t<\/div>\n\t\t<\/form>\n\t\t\t\t\t\t<\/div>\n\t\t\t\t<\/div>\n\t\t\t\t<\/div>\n\t\t\t\t\t<\/div>\n\t\t\t\t<\/div>\n\t\t\t\t<\/div>\n\t\t","protected":false},"excerpt":{"rendered":"<p>Conecta con Escuela de Evoluci\u00f3n Interior En la Escuela de Evoluci\u00f3n Interior creemos en el poder transformador del crecimiento personal y la evoluci\u00f3n interior. Estamos aqu\u00ed para apoyarte en tu viaje hacia una vida m\u00e1s plena y consciente. Si tiene alguna pregunta sobre nuestros programas, necesita m\u00e1s informaci\u00f3n o simplemente quiere compartir su opini\u00f3n, no<a href=\"https:\/\/innerevolutionschool.com\/es\/pongase-en-contacto-con\/\" class=\"more-link\"><span class=\"screen-reader-text\">P\u00f3ngase en contacto con<\/span><\/a><\/p>\n","protected":false},"author":1,"featured_media":0,"parent":0,"menu_order":0,"comment_status":"closed","ping_status":"closed","template":"elementor_header_footer","meta":{"footnotes":""},"class_list":["post-6560","page","type-page","status-publish","hentry"],"yoast_head":"<!-- This site is optimized with the Yoast SEO plugin v27.5 - https:\/\/yoast.com\/product\/yoast-seo-wordpress\/ -->\n<title>P\u00f3ngase en contacto con - Inner Evolution School<\/title>\n<meta name=\"robots\" content=\"index, follow, max-snippet:-1, max-image-preview:large, max-video-preview:-1\" \/>\n<link rel=\"canonical\" href=\"https:\/\/innerevolutionschool.com\/es\/pongase-en-contacto-con\/\" \/>\n<meta property=\"og:locale\" content=\"es_ES\" \/>\n<meta property=\"og:type\" content=\"article\" \/>\n<meta property=\"og:title\" content=\"P\u00f3ngase en contacto con - Inner Evolution School\" \/>\n<meta property=\"og:description\" content=\"Conecta con Escuela de Evoluci\u00f3n Interior En la Escuela de Evoluci\u00f3n Interior creemos en el poder transformador del crecimiento personal y la evoluci\u00f3n interior. Estamos aqu\u00ed para apoyarte en tu viaje hacia una vida m\u00e1s plena y consciente. Si tiene alguna pregunta sobre nuestros programas, necesita m\u00e1s informaci\u00f3n o simplemente quiere compartir su opini\u00f3n, noP\u00f3ngase en contacto con\" \/>\n<meta property=\"og:url\" content=\"https:\/\/innerevolutionschool.com\/es\/pongase-en-contacto-con\/\" \/>\n<meta property=\"og:site_name\" content=\"Inner Evolution School\" \/>\n<meta property=\"article:modified_time\" content=\"2025-06-19T12:33:59+00:00\" \/>\n<meta name=\"twitter:card\" content=\"summary_large_image\" \/>\n<meta name=\"twitter:label1\" content=\"Tiempo de lectura\" \/>\n\t<meta name=\"twitter:data1\" content=\"1 minuto\" \/>\n<script type=\"application\/ld+json\" class=\"yoast-schema-graph\">{\"@context\":\"https:\\\/\\\/schema.org\",\"@graph\":[{\"@type\":\"WebPage\",\"@id\":\"https:\\\/\\\/innerevolutionschool.com\\\/es\\\/pongase-en-contacto-con\\\/\",\"url\":\"https:\\\/\\\/innerevolutionschool.com\\\/es\\\/pongase-en-contacto-con\\\/\",\"name\":\"P\u00f3ngase en contacto con - Inner Evolution School\",\"isPartOf\":{\"@id\":\"https:\\\/\\\/innerevolutionschool.com\\\/es\\\/#website\"},\"datePublished\":\"2025-02-21T22:38:17+00:00\",\"dateModified\":\"2025-06-19T12:33:59+00:00\",\"breadcrumb\":{\"@id\":\"https:\\\/\\\/innerevolutionschool.com\\\/es\\\/pongase-en-contacto-con\\\/#breadcrumb\"},\"inLanguage\":\"es\",\"potentialAction\":[{\"@type\":\"ReadAction\",\"target\":[\"https:\\\/\\\/innerevolutionschool.com\\\/es\\\/pongase-en-contacto-con\\\/\"]}]},{\"@type\":\"BreadcrumbList\",\"@id\":\"https:\\\/\\\/innerevolutionschool.com\\\/es\\\/pongase-en-contacto-con\\\/#breadcrumb\",\"itemListElement\":[{\"@type\":\"ListItem\",\"position\":1,\"name\":\"Home\",\"item\":\"https:\\\/\\\/innerevolutionschool.com\\\/es\\\/escuela-de-evolucion-interior-ies-2\\\/\"},{\"@type\":\"ListItem\",\"position\":2,\"name\":\"P\u00f3ngase en contacto con\"}]},{\"@type\":\"WebSite\",\"@id\":\"https:\\\/\\\/innerevolutionschool.com\\\/es\\\/#website\",\"url\":\"https:\\\/\\\/innerevolutionschool.com\\\/es\\\/\",\"name\":\"Inner Evolution School\",\"description\":\"An innovative training model dedicated to the science of the internal.\",\"publisher\":{\"@id\":\"https:\\\/\\\/innerevolutionschool.com\\\/es\\\/#organization\"},\"potentialAction\":[{\"@type\":\"SearchAction\",\"target\":{\"@type\":\"EntryPoint\",\"urlTemplate\":\"https:\\\/\\\/innerevolutionschool.com\\\/es\\\/?s={search_term_string}\"},\"query-input\":{\"@type\":\"PropertyValueSpecification\",\"valueRequired\":true,\"valueName\":\"search_term_string\"}}],\"inLanguage\":\"es\"},{\"@type\":\"Organization\",\"@id\":\"https:\\\/\\\/innerevolutionschool.com\\\/es\\\/#organization\",\"name\":\"Inner Evolution School\",\"url\":\"https:\\\/\\\/innerevolutionschool.com\\\/es\\\/\",\"logo\":{\"@type\":\"ImageObject\",\"inLanguage\":\"es\",\"@id\":\"https:\\\/\\\/innerevolutionschool.com\\\/es\\\/#\\\/schema\\\/logo\\\/image\\\/\",\"url\":\"https:\\\/\\\/innerevolutionschool.com\\\/wp-content\\\/uploads\\\/2025\\\/03\\\/hero-inner-evolution-school.png\",\"contentUrl\":\"https:\\\/\\\/innerevolutionschool.com\\\/wp-content\\\/uploads\\\/2025\\\/03\\\/hero-inner-evolution-school.png\",\"width\":1456,\"height\":816,\"caption\":\"Inner Evolution School\"},\"image\":{\"@id\":\"https:\\\/\\\/innerevolutionschool.com\\\/es\\\/#\\\/schema\\\/logo\\\/image\\\/\"}}]}<\/script>\n<!-- \/ Yoast SEO plugin. -->","yoast_head_json":{"title":"P\u00f3ngase en contacto con - Inner Evolution School","robots":{"index":"index","follow":"follow","max-snippet":"max-snippet:-1","max-image-preview":"max-image-preview:large","max-video-preview":"max-video-preview:-1"},"canonical":"https:\/\/innerevolutionschool.com\/es\/pongase-en-contacto-con\/","og_locale":"es_ES","og_type":"article","og_title":"P\u00f3ngase en contacto con - Inner Evolution School","og_description":"Conecta con Escuela de Evoluci\u00f3n Interior En la Escuela de Evoluci\u00f3n Interior creemos en el poder transformador del crecimiento personal y la evoluci\u00f3n interior. Estamos aqu\u00ed para apoyarte en tu viaje hacia una vida m\u00e1s plena y consciente. Si tiene alguna pregunta sobre nuestros programas, necesita m\u00e1s informaci\u00f3n o simplemente quiere compartir su opini\u00f3n, noP\u00f3ngase en contacto con","og_url":"https:\/\/innerevolutionschool.com\/es\/pongase-en-contacto-con\/","og_site_name":"Inner Evolution School","article_modified_time":"2025-06-19T12:33:59+00:00","twitter_card":"summary_large_image","twitter_misc":{"Tiempo de lectura":"1 minuto"},"schema":{"@context":"https:\/\/schema.org","@graph":[{"@type":"WebPage","@id":"https:\/\/innerevolutionschool.com\/es\/pongase-en-contacto-con\/","url":"https:\/\/innerevolutionschool.com\/es\/pongase-en-contacto-con\/","name":"P\u00f3ngase en contacto con - Inner Evolution School","isPartOf":{"@id":"https:\/\/innerevolutionschool.com\/es\/#website"},"datePublished":"2025-02-21T22:38:17+00:00","dateModified":"2025-06-19T12:33:59+00:00","breadcrumb":{"@id":"https:\/\/innerevolutionschool.com\/es\/pongase-en-contacto-con\/#breadcrumb"},"inLanguage":"es","potentialAction":[{"@type":"ReadAction","target":["https:\/\/innerevolutionschool.com\/es\/pongase-en-contacto-con\/"]}]},{"@type":"BreadcrumbList","@id":"https:\/\/innerevolutionschool.com\/es\/pongase-en-contacto-con\/#breadcrumb","itemListElement":[{"@type":"ListItem","position":1,"name":"Home","item":"https:\/\/innerevolutionschool.com\/es\/escuela-de-evolucion-interior-ies-2\/"},{"@type":"ListItem","position":2,"name":"P\u00f3ngase en contacto con"}]},{"@type":"WebSite","@id":"https:\/\/innerevolutionschool.com\/es\/#website","url":"https:\/\/innerevolutionschool.com\/es\/","name":"Inner Evolution School","description":"An innovative training model dedicated to the science of the internal.","publisher":{"@id":"https:\/\/innerevolutionschool.com\/es\/#organization"},"potentialAction":[{"@type":"SearchAction","target":{"@type":"EntryPoint","urlTemplate":"https:\/\/innerevolutionschool.com\/es\/?s={search_term_string}"},"query-input":{"@type":"PropertyValueSpecification","valueRequired":true,"valueName":"search_term_string"}}],"inLanguage":"es"},{"@type":"Organization","@id":"https:\/\/innerevolutionschool.com\/es\/#organization","name":"Inner Evolution School","url":"https:\/\/innerevolutionschool.com\/es\/","logo":{"@type":"ImageObject","inLanguage":"es","@id":"https:\/\/innerevolutionschool.com\/es\/#\/schema\/logo\/image\/","url":"https:\/\/innerevolutionschool.com\/wp-content\/uploads\/2025\/03\/hero-inner-evolution-school.png","contentUrl":"https:\/\/innerevolutionschool.com\/wp-content\/uploads\/2025\/03\/hero-inner-evolution-school.png","width":1456,"height":816,"caption":"Inner Evolution School"},"image":{"@id":"https:\/\/innerevolutionschool.com\/es\/#\/schema\/logo\/image\/"}}]}},"_links":{"self":[{"href":"https:\/\/innerevolutionschool.com\/es\/wp-json\/wp\/v2\/pages\/6560","targetHints":{"allow":["GET"]}}],"collection":[{"href":"https:\/\/innerevolutionschool.com\/es\/wp-json\/wp\/v2\/pages"}],"about":[{"href":"https:\/\/innerevolutionschool.com\/es\/wp-json\/wp\/v2\/types\/page"}],"author":[{"embeddable":true,"href":"https:\/\/innerevolutionschool.com\/es\/wp-json\/wp\/v2\/users\/1"}],"replies":[{"embeddable":true,"href":"https:\/\/innerevolutionschool.com\/es\/wp-json\/wp\/v2\/comments?post=6560"}],"version-history":[{"count":1,"href":"https:\/\/innerevolutionschool.com\/es\/wp-json\/wp\/v2\/pages\/6560\/revisions"}],"predecessor-version":[{"id":6566,"href":"https:\/\/innerevolutionschool.com\/es\/wp-json\/wp\/v2\/pages\/6560\/revisions\/6566"}],"wp:attachment":[{"href":"https:\/\/innerevolutionschool.com\/es\/wp-json\/wp\/v2\/media?parent=6560"}],"curies":[{"name":"wp","href":"https:\/\/api.w.org\/{rel}","templated":true}]}}