{"id":6821,"date":"2025-02-21T22:37:30","date_gmt":"2025-02-21T22:37:30","guid":{"rendered":"https:\/\/innerevolutionschool.com\/bedingungen-und-konditionen\/"},"modified":"2025-07-08T17:57:55","modified_gmt":"2025-07-08T17:57:55","slug":"bedingungen-und-konditionen","status":"publish","type":"page","link":"https:\/\/innerevolutionschool.com\/de\/bedingungen-und-konditionen\/","title":{"rendered":"Bedingungen und Konditionen"},"content":{"rendered":"\t\t<div data-elementor-type=\"wp-page\" data-elementor-id=\"6821\" class=\"elementor elementor-6821 elementor-17\" data-elementor-post-type=\"page\">\n\t\t\t\t<div class=\"elementor-element elementor-element-709cf6d2 e-flex e-con-boxed e-con e-parent\" data-id=\"709cf6d2\" data-element_type=\"container\" data-e-type=\"container\" data-settings=\"{&quot;background_background&quot;:&quot;classic&quot;}\">\n\t\t\t\t\t<div class=\"e-con-inner\">\n\t\t\t\t<div class=\"elementor-element elementor-element-4dd4a0e elementor-widget elementor-widget-heading\" data-id=\"4dd4a0e\" data-element_type=\"widget\" data-e-type=\"widget\" data-widget_type=\"heading.default\">\n\t\t\t\t<div class=\"elementor-widget-container\">\n\t\t\t\t\t<h1 class=\"elementor-heading-title elementor-size-default\">BEDINGUNGEN UND KONDITIONEN<\/h1>\t\t\t\t<\/div>\n\t\t\t\t<\/div>\n\t\t\t\t\t<\/div>\n\t\t\t\t<\/div>\n\t\t<div class=\"elementor-element elementor-element-48983a86 e-flex e-con-boxed e-con e-parent\" data-id=\"48983a86\" data-element_type=\"container\" data-e-type=\"container\" data-settings=\"{&quot;shape_divider_bottom&quot;:&quot;opacity-tilt&quot;}\">\n\t\t\t\t\t<div class=\"e-con-inner\">\n\t\t\t\t<div class=\"elementor-shape elementor-shape-bottom\" aria-hidden=\"true\" data-negative=\"false\">\n\t\t\t<svg xmlns=\"http:\/\/www.w3.org\/2000\/svg\" viewBox=\"0 0 2600 131.1\" preserveAspectRatio=\"none\">\n\t<path class=\"elementor-shape-fill\" d=\"M0 0L2600 0 2600 69.1 0 0z\"\/>\n\t<path class=\"elementor-shape-fill\" style=\"opacity:0.5\" d=\"M0 0L2600 0 2600 69.1 0 69.1z\"\/>\n\t<path class=\"elementor-shape-fill\" style=\"opacity:0.25\" d=\"M2600 0L0 0 0 130.1 2600 69.1z\"\/>\n<\/svg>\t\t<\/div>\n\t\t\t\t<div class=\"elementor-element elementor-element-6407998d elementor-widget elementor-widget-heading\" data-id=\"6407998d\" data-element_type=\"widget\" data-e-type=\"widget\" data-widget_type=\"heading.default\">\n\t\t\t\t<div class=\"elementor-widget-container\">\n\t\t\t\t\t<h2 class=\"elementor-heading-title elementor-size-default\">1. Rechtliche Informationen<\/h2>\t\t\t\t<\/div>\n\t\t\t\t<\/div>\n\t\t\t\t<div class=\"elementor-element elementor-element-60de37b5 elementor-widget elementor-widget-text-editor\" data-id=\"60de37b5\" data-element_type=\"widget\" data-e-type=\"widget\" data-widget_type=\"text-editor.default\">\n\t\t\t\t<div class=\"elementor-widget-container\">\n\t\t\t\t\t\t\t\t\t<p>F\u00fcr die Zwecke der Bestimmungen von Art. 10.1 des Gesetzes 34\/2002 vom 11. Juli \u00fcber die Dienste der Informationsgesellschaft und der elektronischen Post (LSSI) wird festgestellt, dass der Dienstanbieter EVOLUCI\u00d3N INTERIOR S.L. ist. SOCIEDAD UNIPERSONAL, (im Folgenden &#8222;EVOLUCI\u00d3N INTERIOR&#8220;) ist eine Gesellschaft mit beschr\u00e4nkter Haftung nach spanischem Recht mit Sitz in der Calle Telegrafos 5, (28140 Fuente el Saz &#8211; Madrid), mit der CIF-Nummer B87071205, eingetragen im Handelsregister von Madrid, in Band 32.517, Folio 153, Seite M-585279.<\/p><p>E-Mail-Kontakt: <a href=\"mailto:centro@evolucioninterior.es\">centro@evolucioninterior.es<\/a><\/p>\t\t\t\t\t\t\t\t<\/div>\n\t\t\t\t<\/div>\n\t\t\t\t\t<\/div>\n\t\t\t\t<\/div>\n\t\t<div class=\"elementor-element elementor-element-53c1a2a2 e-flex e-con-boxed e-con e-parent\" data-id=\"53c1a2a2\" data-element_type=\"container\" data-e-type=\"container\" data-settings=\"{&quot;shape_divider_bottom&quot;:&quot;opacity-tilt&quot;}\">\n\t\t\t\t\t<div class=\"e-con-inner\">\n\t\t\t\t<div class=\"elementor-shape elementor-shape-bottom\" aria-hidden=\"true\" data-negative=\"false\">\n\t\t\t<svg xmlns=\"http:\/\/www.w3.org\/2000\/svg\" viewBox=\"0 0 2600 131.1\" preserveAspectRatio=\"none\">\n\t<path class=\"elementor-shape-fill\" d=\"M0 0L2600 0 2600 69.1 0 0z\"\/>\n\t<path class=\"elementor-shape-fill\" style=\"opacity:0.5\" d=\"M0 0L2600 0 2600 69.1 0 69.1z\"\/>\n\t<path class=\"elementor-shape-fill\" style=\"opacity:0.25\" d=\"M2600 0L0 0 0 130.1 2600 69.1z\"\/>\n<\/svg>\t\t<\/div>\n\t\t\t\t<div class=\"elementor-element elementor-element-6699fe5f elementor-widget elementor-widget-heading\" data-id=\"6699fe5f\" data-element_type=\"widget\" data-e-type=\"widget\" data-widget_type=\"heading.default\">\n\t\t\t\t<div class=\"elementor-widget-container\">\n\t\t\t\t\t<h2 class=\"elementor-heading-title elementor-size-default\">2. Buchungsbedingungen<\/h2>\t\t\t\t<\/div>\n\t\t\t\t<\/div>\n\t\t\t\t<div class=\"elementor-element elementor-element-53c111a0 elementor-widget elementor-widget-text-editor\" data-id=\"53c111a0\" data-element_type=\"widget\" data-e-type=\"widget\" data-widget_type=\"text-editor.default\">\n\t\t\t\t<div class=\"elementor-widget-container\">\n\t\t\t\t\t\t\t\t\t<ol><li><p>Das Unternehmen bietet Dienstleistungen f\u00fcr die Organisation, einschlie\u00dflich Konferenzen, Mini-Konferenzen, Retreats, Reisen in den Dschungel, Konzerte (im Folgenden gemeinsam als &#8222;<strong>EVENTS<\/strong>&#8222;).<\/p><p>Alle Transaktionen zwischen EVOLUCI\u00d3N INTERIOR und dem Nutzer (im Folgenden der &#8222;Nutzer&#8220;) finden in Spanien unter der Domain <a href=\"https:\/\/innerevolutionschool.com\/de\/\">innerevolutionschool.com<\/a> statt, die mit den Servern f\u00fcr die Veranstaltungsdienste verbunden ist.<\/p><p>Der Erwerb und die Nutzung von Veranstaltungsdiensten ist Personen unter 18 Jahren oder Personen, die die Vollj\u00e4hrigkeit gem\u00e4\u00df der spanischen Gesetzgebung noch nicht erreicht haben, strengstens untersagt.<\/p><p>F\u00fcr die Zwecke der Bestimmungen von Art. 27.a) des LSSI erfolgt die Einstellung \u00fcber https:\/\/inner-discovery.org in den folgenden Schritten:<\/p><ul><li><strong>Schritt 1 \/<\/strong> Benutzerregistrierung (Daten des Zahlers, Daten des Teilnehmers, Auswahl des Datums der Veranstaltung auf der Seite mit Hilfe der Suchparameter), M\u00f6glichkeit der Wahl des Abonnements eines Newsletters und \/ oder der Angebote.<\/li><li><strong>Schritt 2 \/<\/strong> Akzeptanz der Bedingungen und Konditionen<\/li><li><strong>Schritt 3 \/<\/strong> Wahl der Zahlungsmethode.<\/li><li><strong>Schritt 4 \/<\/strong> \u00dcberpr\u00fcfung der Reservierungsdaten.<\/li><li><strong>Schritt 5 \/<\/strong> Formalisierung der Reservierung, Beispiel einer Best\u00e4tigungsseite.<\/li><li><strong>Schritt 6 \/<\/strong> Versenden der Reservierungsbest\u00e4tigung per E-Mail mit den Daten der Reservierung.<p>EVOLUCI\u00d3N INTERIOR erstellt ein umfassendes elektronisches Dokument \u00fcber die Formalisierung der Reservierung, um es zu archivieren und dem Kunden am Ende des Reservierungsvorgangs per E-Mail den Zugang und die vollst\u00e4ndige Kenntnis davon zu erm\u00f6glichen.<\/p><p>Nach der Reservierung wird der Kunde gebeten, den Inhalt der Reservierung zu \u00fcberpr\u00fcfen, um eventuelle Fehler bei der Dateneingabe zu erkennen. Um Ihre Korrektur zu bearbeiten, senden Sie eine E-Mail an support@innerevolutionschool.com mit den identifizierenden Details der Reservierung.<\/p><p>Unser Einstellungsverfahren wird in den folgenden Sprachen angeboten: Spanisch, Englisch und Italienisch.<\/p><p>Je nach den spezifischen Bedingungen der Tarife, die f\u00fcr die Reservierung gelten, kann die Zahlung ganz oder teilweise im Voraus zum Zeitpunkt der Reservierung erfolgen.<\/p><p>Es ist unerl\u00e4sslich, eine E-Mail-Best\u00e4tigung der Zahlung f\u00fcr die Reservierung unter Angabe des Vor- und Nachnamens, des Reservierungsdatums und des Veranstaltungsortes an administracion@innermastery.es zu senden. Sollten keine Pl\u00e4tze mehr verf\u00fcgbar sein, wird die Zahlung zur\u00fcckerstattet.<\/p><p>Die Zahlungen k\u00f6nnen per Einzahlung, Bank\u00fcberweisung oder Paypal erfolgen.<\/p><p>Sobald die Einzahlung erfolgt ist, muss der Nutzer dies per E-Mail an <b>support@innerevolutionschool.com <\/b>mitteilen oder das Anmeldeformular ausf\u00fcllen.<\/p><p>EVOLUCI\u00d3N INTERIOR informiert den Nutzer vor jeder Veranstaltung \u00fcber den genauen Ort der Veranstaltung und weitere Empfehlungen.<\/p><p>Der Benutzer muss ein Formular ausf\u00fcllen, in dem er pers\u00f6nliche Daten angibt, die f\u00fcr die korrekte Erbringung der Dienstleistung durch EVOLUCI\u00d3N INTERIOR erforderlich sind. Im Falle der Auslassung einer dieser Daten, EVOLUCI\u00d3N INTERIOR beh\u00e4lt sich das Recht vor, den Vertrag mit dem Benutzer zu k\u00fcndigen, die R\u00fcckgabe der Zahlung gemacht, um die Veranstaltung zu reservieren. <\/p><p>Sie werden darauf hingewiesen, dass gem\u00e4\u00df den Bestimmungen des Art. 93.2.b) Allgemeines Verbraucher- und Nutzerschutzgesetz (LGDCyU) die gesetzliche Regelung des Widerrufsrechts nicht f\u00fcr Buchungen gilt, die \u00fcber www. innermastery.eu get\u00e4tigt wurden, wobei in jedem Fall die folgenden besonderen Bedingungen f\u00fcr den Widerruf gelten: <\/p><ul><li>a) Im Falle eines Abbruchs der Veranstaltung aus einem vom Unternehmen zu vertretenden Grund wird die Zahlung an den Nutzer zur\u00fcckerstattet.<\/li><li>b) Im Falle einer Stornierung der Reservierung durch den Teilnehmer wird die Vorauszahlung nicht zur\u00fcckerstattet. Sie k\u00f6nnen 50 % des gezahlten Betrages f\u00fcr eine neue Reservierung in den n\u00e4chsten drei Monaten verwenden, wenn es eine Verf\u00fcgbarkeit gibt und vorausgesetzt, dass die Stornierung mindestens 72 Stunden vor dem Beginn der R\u00fccknahme erfolgt. <\/li><li>c) Bei Buchung von zwei oder mehr N\u00e4chten, die der Nutzer nicht in Anspruch nimmt, entf\u00e4llt die R\u00fcckerstattung des gezahlten Betrages.<\/li><li>d) Wenn der Benutzer eine Option ausgew\u00e4hlt hat und beschlie\u00dft, sie zu erweitern, wird die neue Option als unabh\u00e4ngig von der zuerst gew\u00e4hlten Option betrachtet.<\/li><\/ul><p>Sobald die Reservierung formalisiert ist, zahlt der Nutzer im Falle einer vorzeitigen Teilzahlung den Differenzbetrag bei der Teilnahme an der Veranstaltung (in bar oder per Paypal an EVOLUCI\u00d3N INTERIOR, unter Angabe der Identifikationsdaten der Reservierung.<\/p><p>Alle reservierten Veranstaltungen werden in den Unterlagen, die jedem m\u00f6glichen Teilnehmer, der sein Interesse bekundet, per privater E-Mail zugeschickt werden, genau beschrieben.<\/p><\/li><\/ul><\/li><\/ol>\t\t\t\t\t\t\t\t<\/div>\n\t\t\t\t<\/div>\n\t\t\t\t\t<\/div>\n\t\t\t\t<\/div>\n\t\t\t\t<\/div>\n\t\t","protected":false},"excerpt":{"rendered":"<p>BEDINGUNGEN UND KONDITIONEN 1. Rechtliche Informationen F\u00fcr die Zwecke der Bestimmungen von Art. 10.1 des Gesetzes 34\/2002 vom 11. Juli \u00fcber die Dienste der Informationsgesellschaft und der elektronischen Post (LSSI) wird festgestellt, dass der Dienstanbieter EVOLUCI\u00d3N INTERIOR S.L. ist. SOCIEDAD UNIPERSONAL, (im Folgenden &#8222;EVOLUCI\u00d3N INTERIOR&#8220;) ist eine Gesellschaft mit beschr\u00e4nkter Haftung nach spanischem Recht mit<a href=\"https:\/\/innerevolutionschool.com\/de\/bedingungen-und-konditionen\/\" class=\"more-link\"><span class=\"screen-reader-text\">Bedingungen und Konditionen<\/span><\/a><\/p>\n","protected":false},"author":1,"featured_media":0,"parent":0,"menu_order":0,"comment_status":"closed","ping_status":"closed","template":"elementor_header_footer","meta":{"footnotes":""},"class_list":["post-6821","page","type-page","status-publish","hentry"],"yoast_head":"<!-- This site is optimized with the Yoast SEO plugin v27.5 - https:\/\/yoast.com\/product\/yoast-seo-wordpress\/ -->\n<title>Bedingungen und Konditionen - Inner Evolution School<\/title>\n<meta name=\"robots\" content=\"index, follow, max-snippet:-1, max-image-preview:large, max-video-preview:-1\" \/>\n<link rel=\"canonical\" href=\"https:\/\/innerevolutionschool.com\/de\/bedingungen-und-konditionen\/\" \/>\n<meta property=\"og:locale\" content=\"de_DE\" \/>\n<meta property=\"og:type\" content=\"article\" \/>\n<meta property=\"og:title\" content=\"Bedingungen und Konditionen - Inner Evolution School\" \/>\n<meta property=\"og:description\" content=\"BEDINGUNGEN UND KONDITIONEN 1. Rechtliche Informationen F\u00fcr die Zwecke der Bestimmungen von Art. 10.1 des Gesetzes 34\/2002 vom 11. Juli \u00fcber die Dienste der Informationsgesellschaft und der elektronischen Post (LSSI) wird festgestellt, dass der Dienstanbieter EVOLUCI\u00d3N INTERIOR S.L. ist. SOCIEDAD UNIPERSONAL, (im Folgenden &#8222;EVOLUCI\u00d3N INTERIOR&#8220;) ist eine Gesellschaft mit beschr\u00e4nkter Haftung nach spanischem Recht mitBedingungen und Konditionen\" \/>\n<meta property=\"og:url\" content=\"https:\/\/innerevolutionschool.com\/de\/bedingungen-und-konditionen\/\" \/>\n<meta property=\"og:site_name\" content=\"Inner Evolution School\" \/>\n<meta property=\"article:modified_time\" content=\"2025-07-08T17:57:55+00:00\" \/>\n<meta name=\"twitter:card\" content=\"summary_large_image\" \/>\n<meta name=\"twitter:label1\" content=\"Gesch\u00e4tzte Lesezeit\" \/>\n\t<meta name=\"twitter:data1\" content=\"4\u00a0Minuten\" \/>\n<script type=\"application\/ld+json\" class=\"yoast-schema-graph\">{\"@context\":\"https:\\\/\\\/schema.org\",\"@graph\":[{\"@type\":\"WebPage\",\"@id\":\"https:\\\/\\\/innerevolutionschool.com\\\/de\\\/bedingungen-und-konditionen\\\/\",\"url\":\"https:\\\/\\\/innerevolutionschool.com\\\/de\\\/bedingungen-und-konditionen\\\/\",\"name\":\"Bedingungen und Konditionen - Inner Evolution School\",\"isPartOf\":{\"@id\":\"https:\\\/\\\/innerevolutionschool.com\\\/de\\\/#website\"},\"datePublished\":\"2025-02-21T22:37:30+00:00\",\"dateModified\":\"2025-07-08T17:57:55+00:00\",\"breadcrumb\":{\"@id\":\"https:\\\/\\\/innerevolutionschool.com\\\/de\\\/bedingungen-und-konditionen\\\/#breadcrumb\"},\"inLanguage\":\"de\",\"potentialAction\":[{\"@type\":\"ReadAction\",\"target\":[\"https:\\\/\\\/innerevolutionschool.com\\\/de\\\/bedingungen-und-konditionen\\\/\"]}]},{\"@type\":\"BreadcrumbList\",\"@id\":\"https:\\\/\\\/innerevolutionschool.com\\\/de\\\/bedingungen-und-konditionen\\\/#breadcrumb\",\"itemListElement\":[{\"@type\":\"ListItem\",\"position\":1,\"name\":\"Home\",\"item\":\"https:\\\/\\\/innerevolutionschool.com\\\/de\\\/schule-der-inneren-entwicklung-ies\\\/\"},{\"@type\":\"ListItem\",\"position\":2,\"name\":\"Bedingungen und Konditionen\"}]},{\"@type\":\"WebSite\",\"@id\":\"https:\\\/\\\/innerevolutionschool.com\\\/de\\\/#website\",\"url\":\"https:\\\/\\\/innerevolutionschool.com\\\/de\\\/\",\"name\":\"Inner Evolution School\",\"description\":\"An innovative training model dedicated to the science of the internal.\",\"publisher\":{\"@id\":\"https:\\\/\\\/innerevolutionschool.com\\\/de\\\/#organization\"},\"potentialAction\":[{\"@type\":\"SearchAction\",\"target\":{\"@type\":\"EntryPoint\",\"urlTemplate\":\"https:\\\/\\\/innerevolutionschool.com\\\/de\\\/?s={search_term_string}\"},\"query-input\":{\"@type\":\"PropertyValueSpecification\",\"valueRequired\":true,\"valueName\":\"search_term_string\"}}],\"inLanguage\":\"de\"},{\"@type\":\"Organization\",\"@id\":\"https:\\\/\\\/innerevolutionschool.com\\\/de\\\/#organization\",\"name\":\"Inner Evolution School\",\"url\":\"https:\\\/\\\/innerevolutionschool.com\\\/de\\\/\",\"logo\":{\"@type\":\"ImageObject\",\"inLanguage\":\"de\",\"@id\":\"https:\\\/\\\/innerevolutionschool.com\\\/de\\\/#\\\/schema\\\/logo\\\/image\\\/\",\"url\":\"https:\\\/\\\/innerevolutionschool.com\\\/wp-content\\\/uploads\\\/2025\\\/03\\\/hero-inner-evolution-school.png\",\"contentUrl\":\"https:\\\/\\\/innerevolutionschool.com\\\/wp-content\\\/uploads\\\/2025\\\/03\\\/hero-inner-evolution-school.png\",\"width\":1456,\"height\":816,\"caption\":\"Inner Evolution School\"},\"image\":{\"@id\":\"https:\\\/\\\/innerevolutionschool.com\\\/de\\\/#\\\/schema\\\/logo\\\/image\\\/\"}}]}<\/script>\n<!-- \/ Yoast SEO plugin. -->","yoast_head_json":{"title":"Bedingungen und Konditionen - Inner Evolution School","robots":{"index":"index","follow":"follow","max-snippet":"max-snippet:-1","max-image-preview":"max-image-preview:large","max-video-preview":"max-video-preview:-1"},"canonical":"https:\/\/innerevolutionschool.com\/de\/bedingungen-und-konditionen\/","og_locale":"de_DE","og_type":"article","og_title":"Bedingungen und Konditionen - Inner Evolution School","og_description":"BEDINGUNGEN UND KONDITIONEN 1. Rechtliche Informationen F\u00fcr die Zwecke der Bestimmungen von Art. 10.1 des Gesetzes 34\/2002 vom 11. Juli \u00fcber die Dienste der Informationsgesellschaft und der elektronischen Post (LSSI) wird festgestellt, dass der Dienstanbieter EVOLUCI\u00d3N INTERIOR S.L. ist. SOCIEDAD UNIPERSONAL, (im Folgenden &#8222;EVOLUCI\u00d3N INTERIOR&#8220;) ist eine Gesellschaft mit beschr\u00e4nkter Haftung nach spanischem Recht mitBedingungen und Konditionen","og_url":"https:\/\/innerevolutionschool.com\/de\/bedingungen-und-konditionen\/","og_site_name":"Inner Evolution School","article_modified_time":"2025-07-08T17:57:55+00:00","twitter_card":"summary_large_image","twitter_misc":{"Gesch\u00e4tzte Lesezeit":"4\u00a0Minuten"},"schema":{"@context":"https:\/\/schema.org","@graph":[{"@type":"WebPage","@id":"https:\/\/innerevolutionschool.com\/de\/bedingungen-und-konditionen\/","url":"https:\/\/innerevolutionschool.com\/de\/bedingungen-und-konditionen\/","name":"Bedingungen und Konditionen - Inner Evolution School","isPartOf":{"@id":"https:\/\/innerevolutionschool.com\/de\/#website"},"datePublished":"2025-02-21T22:37:30+00:00","dateModified":"2025-07-08T17:57:55+00:00","breadcrumb":{"@id":"https:\/\/innerevolutionschool.com\/de\/bedingungen-und-konditionen\/#breadcrumb"},"inLanguage":"de","potentialAction":[{"@type":"ReadAction","target":["https:\/\/innerevolutionschool.com\/de\/bedingungen-und-konditionen\/"]}]},{"@type":"BreadcrumbList","@id":"https:\/\/innerevolutionschool.com\/de\/bedingungen-und-konditionen\/#breadcrumb","itemListElement":[{"@type":"ListItem","position":1,"name":"Home","item":"https:\/\/innerevolutionschool.com\/de\/schule-der-inneren-entwicklung-ies\/"},{"@type":"ListItem","position":2,"name":"Bedingungen und Konditionen"}]},{"@type":"WebSite","@id":"https:\/\/innerevolutionschool.com\/de\/#website","url":"https:\/\/innerevolutionschool.com\/de\/","name":"Inner Evolution School","description":"An innovative training model dedicated to the science of the internal.","publisher":{"@id":"https:\/\/innerevolutionschool.com\/de\/#organization"},"potentialAction":[{"@type":"SearchAction","target":{"@type":"EntryPoint","urlTemplate":"https:\/\/innerevolutionschool.com\/de\/?s={search_term_string}"},"query-input":{"@type":"PropertyValueSpecification","valueRequired":true,"valueName":"search_term_string"}}],"inLanguage":"de"},{"@type":"Organization","@id":"https:\/\/innerevolutionschool.com\/de\/#organization","name":"Inner Evolution School","url":"https:\/\/innerevolutionschool.com\/de\/","logo":{"@type":"ImageObject","inLanguage":"de","@id":"https:\/\/innerevolutionschool.com\/de\/#\/schema\/logo\/image\/","url":"https:\/\/innerevolutionschool.com\/wp-content\/uploads\/2025\/03\/hero-inner-evolution-school.png","contentUrl":"https:\/\/innerevolutionschool.com\/wp-content\/uploads\/2025\/03\/hero-inner-evolution-school.png","width":1456,"height":816,"caption":"Inner Evolution School"},"image":{"@id":"https:\/\/innerevolutionschool.com\/de\/#\/schema\/logo\/image\/"}}]}},"_links":{"self":[{"href":"https:\/\/innerevolutionschool.com\/de\/wp-json\/wp\/v2\/pages\/6821","targetHints":{"allow":["GET"]}}],"collection":[{"href":"https:\/\/innerevolutionschool.com\/de\/wp-json\/wp\/v2\/pages"}],"about":[{"href":"https:\/\/innerevolutionschool.com\/de\/wp-json\/wp\/v2\/types\/page"}],"author":[{"embeddable":true,"href":"https:\/\/innerevolutionschool.com\/de\/wp-json\/wp\/v2\/users\/1"}],"replies":[{"embeddable":true,"href":"https:\/\/innerevolutionschool.com\/de\/wp-json\/wp\/v2\/comments?post=6821"}],"version-history":[{"count":1,"href":"https:\/\/innerevolutionschool.com\/de\/wp-json\/wp\/v2\/pages\/6821\/revisions"}],"predecessor-version":[{"id":6827,"href":"https:\/\/innerevolutionschool.com\/de\/wp-json\/wp\/v2\/pages\/6821\/revisions\/6827"}],"wp:attachment":[{"href":"https:\/\/innerevolutionschool.com\/de\/wp-json\/wp\/v2\/media?parent=6821"}],"curies":[{"name":"wp","href":"https:\/\/api.w.org\/{rel}","templated":true}]}}